{"id":3464,"date":"2013-08-02T13:31:51","date_gmt":"2013-08-02T13:31:51","guid":{"rendered":"http:\/\/www.ulusiada.pt\/clima\/?page_id=3464"},"modified":"2013-08-02T13:31:51","modified_gmt":"2013-08-02T13:31:51","slug":"lei-de-revelia-e-prazo-de-tres-dias","status":"publish","type":"page","link":"https:\/\/www.ulusiada.pt\/clima\/ius-proprium-leis-gerais\/d-afonso-iii\/lei-de-revelia-e-prazo-de-tres-dias\/","title":{"rendered":"Lei de revelia e prazo de tr\u00eas dias"},"content":{"rendered":"<p>Lei de como aquele que est\u00e1 em posse por raz\u00e3o de revelia n\u00e3o pode ter prazo de tr\u00eas dias para entrega de revelia purgada.<\/p>\n","protected":false},"excerpt":{"rendered":"<p>Lei de como aquele que est\u00e1 em posse por raz\u00e3o de revelia n\u00e3o pode ter prazo de tr\u00eas dias para entrega de revelia purgada.<\/p>\n","protected":false},"author":1,"featured_media":0,"parent":91,"menu_order":128,"comment_status":"closed","ping_status":"open","template":"lei-page.php","meta":[],"acf":[],"_links":{"self":[{"href":"https:\/\/www.ulusiada.pt\/clima\/wp-json\/wp\/v2\/pages\/3464"}],"collection":[{"href":"https:\/\/www.ulusiada.pt\/clima\/wp-json\/wp\/v2\/pages"}],"about":[{"href":"https:\/\/www.ulusiada.pt\/clima\/wp-json\/wp\/v2\/types\/page"}],"author":[{"embeddable":true,"href":"https:\/\/www.ulusiada.pt\/clima\/wp-json\/wp\/v2\/users\/1"}],"replies":[{"embeddable":true,"href":"https:\/\/www.ulusiada.pt\/clima\/wp-json\/wp\/v2\/comments?post=3464"}],"version-history":[{"count":2,"href":"https:\/\/www.ulusiada.pt\/clima\/wp-json\/wp\/v2\/pages\/3464\/revisions"}],"predecessor-version":[{"id":3466,"href":"https:\/\/www.ulusiada.pt\/clima\/wp-json\/wp\/v2\/pages\/3464\/revisions\/3466"}],"up":[{"embeddable":true,"href":"https:\/\/www.ulusiada.pt\/clima\/wp-json\/wp\/v2\/pages\/91"}],"wp:attachment":[{"href":"https:\/\/www.ulusiada.pt\/clima\/wp-json\/wp\/v2\/media?parent=3464"}],"curies":[{"name":"wp","href":"https:\/\/api.w.org\/{rel}","templated":true}]}}