{"id":3467,"date":"2013-08-02T13:37:41","date_gmt":"2013-08-02T13:37:41","guid":{"rendered":"http:\/\/www.ulusiada.pt\/clima\/?page_id=3467"},"modified":"2013-09-21T14:13:07","modified_gmt":"2013-09-21T14:13:07","slug":"chantre-evora-da-exibicao-de-imovel-em-litigio","status":"publish","type":"page","link":"https:\/\/www.ulusiada.pt\/clima\/ius-proprium-costumes-e-estilos-da-corte\/tribunal-da-corte\/chantre-evora-da-exibicao-de-imovel-em-litigio\/","title":{"rendered":"Chantre \u00c9vora: da exibi\u00e7\u00e3o de im\u00f3vel em lit\u00edgio"},"content":{"rendered":"<p>Costume pelo chantre de \u00c9vora (<em>Item he custume per cantorem elborensem<\/em>) sobre a exibi\u00e7\u00e3o de im\u00f3vel, objecto de lit\u00edgio, por palavra ou por olho e por p\u00e9.<\/p>\n","protected":false},"excerpt":{"rendered":"<p>Costume pelo chantre de \u00c9vora (Item he custume per cantorem elborensem) sobre a exibi\u00e7\u00e3o de im\u00f3vel, objecto de lit\u00edgio, por palavra ou por olho e por p\u00e9.<\/p>\n","protected":false},"author":1,"featured_media":0,"parent":4184,"menu_order":2,"comment_status":"closed","ping_status":"open","template":"lei-page.php","meta":[],"acf":[],"_links":{"self":[{"href":"https:\/\/www.ulusiada.pt\/clima\/wp-json\/wp\/v2\/pages\/3467"}],"collection":[{"href":"https:\/\/www.ulusiada.pt\/clima\/wp-json\/wp\/v2\/pages"}],"about":[{"href":"https:\/\/www.ulusiada.pt\/clima\/wp-json\/wp\/v2\/types\/page"}],"author":[{"embeddable":true,"href":"https:\/\/www.ulusiada.pt\/clima\/wp-json\/wp\/v2\/users\/1"}],"replies":[{"embeddable":true,"href":"https:\/\/www.ulusiada.pt\/clima\/wp-json\/wp\/v2\/comments?post=3467"}],"version-history":[{"count":6,"href":"https:\/\/www.ulusiada.pt\/clima\/wp-json\/wp\/v2\/pages\/3467\/revisions"}],"predecessor-version":[{"id":3469,"href":"https:\/\/www.ulusiada.pt\/clima\/wp-json\/wp\/v2\/pages\/3467\/revisions\/3469"}],"up":[{"embeddable":true,"href":"https:\/\/www.ulusiada.pt\/clima\/wp-json\/wp\/v2\/pages\/4184"}],"wp:attachment":[{"href":"https:\/\/www.ulusiada.pt\/clima\/wp-json\/wp\/v2\/media?parent=3467"}],"curies":[{"name":"wp","href":"https:\/\/api.w.org\/{rel}","templated":true}]}}