{"id":3486,"date":"2013-08-02T14:08:28","date_gmt":"2013-08-02T14:08:28","guid":{"rendered":"http:\/\/www.ulusiada.pt\/clima\/?page_id=3486"},"modified":"2013-08-02T14:08:28","modified_gmt":"2013-08-02T14:08:28","slug":"lei-da-citacao-ao-que-e-chamado-a-autoria","status":"publish","type":"page","link":"https:\/\/www.ulusiada.pt\/clima\/ius-proprium-leis-gerais\/d-afonso-iii\/lei-da-citacao-ao-que-e-chamado-a-autoria\/","title":{"rendered":"Lei da cita\u00e7\u00e3o ao que \u00e9 chamado \u00e0 autoria"},"content":{"rendered":"<p>Lei de como deve ser citado e constrangido aquele que h\u00e1-de ser autor a outro.<\/p>\n","protected":false},"excerpt":{"rendered":"<p>Lei de como deve ser citado e constrangido aquele que h\u00e1-de ser autor a outro.<\/p>\n","protected":false},"author":1,"featured_media":0,"parent":91,"menu_order":135,"comment_status":"closed","ping_status":"open","template":"lei-page.php","meta":[],"acf":[],"_links":{"self":[{"href":"https:\/\/www.ulusiada.pt\/clima\/wp-json\/wp\/v2\/pages\/3486"}],"collection":[{"href":"https:\/\/www.ulusiada.pt\/clima\/wp-json\/wp\/v2\/pages"}],"about":[{"href":"https:\/\/www.ulusiada.pt\/clima\/wp-json\/wp\/v2\/types\/page"}],"author":[{"embeddable":true,"href":"https:\/\/www.ulusiada.pt\/clima\/wp-json\/wp\/v2\/users\/1"}],"replies":[{"embeddable":true,"href":"https:\/\/www.ulusiada.pt\/clima\/wp-json\/wp\/v2\/comments?post=3486"}],"version-history":[{"count":2,"href":"https:\/\/www.ulusiada.pt\/clima\/wp-json\/wp\/v2\/pages\/3486\/revisions"}],"predecessor-version":[{"id":3488,"href":"https:\/\/www.ulusiada.pt\/clima\/wp-json\/wp\/v2\/pages\/3486\/revisions\/3488"}],"up":[{"embeddable":true,"href":"https:\/\/www.ulusiada.pt\/clima\/wp-json\/wp\/v2\/pages\/91"}],"wp:attachment":[{"href":"https:\/\/www.ulusiada.pt\/clima\/wp-json\/wp\/v2\/media?parent=3486"}],"curies":[{"name":"wp","href":"https:\/\/api.w.org\/{rel}","templated":true}]}}