{"id":3492,"date":"2013-08-02T14:29:39","date_gmt":"2013-08-02T14:29:39","guid":{"rendered":"http:\/\/www.ulusiada.pt\/clima\/?page_id=3492"},"modified":"2013-08-02T14:29:39","modified_gmt":"2013-08-02T14:29:39","slug":"lei-sobre-pena-de-perjurio","status":"publish","type":"page","link":"https:\/\/www.ulusiada.pt\/clima\/ius-proprium-leis-gerais\/d-afonso-iii\/lei-sobre-pena-de-perjurio\/","title":{"rendered":"Lei sobre pena de perj\u00fario"},"content":{"rendered":"<p>Lei com a pena de perj\u00fario para aquele que, jurando maliciosamente, pede advogado e n\u00e3o aparece com ele ao tempo assinado.<\/p>\n","protected":false},"excerpt":{"rendered":"<p>Lei com a pena de perj\u00fario para aquele que, jurando maliciosamente, pede advogado e n\u00e3o aparece com ele ao tempo assinado.<\/p>\n","protected":false},"author":1,"featured_media":0,"parent":91,"menu_order":137,"comment_status":"closed","ping_status":"open","template":"lei-page.php","meta":[],"acf":[],"_links":{"self":[{"href":"https:\/\/www.ulusiada.pt\/clima\/wp-json\/wp\/v2\/pages\/3492"}],"collection":[{"href":"https:\/\/www.ulusiada.pt\/clima\/wp-json\/wp\/v2\/pages"}],"about":[{"href":"https:\/\/www.ulusiada.pt\/clima\/wp-json\/wp\/v2\/types\/page"}],"author":[{"embeddable":true,"href":"https:\/\/www.ulusiada.pt\/clima\/wp-json\/wp\/v2\/users\/1"}],"replies":[{"embeddable":true,"href":"https:\/\/www.ulusiada.pt\/clima\/wp-json\/wp\/v2\/comments?post=3492"}],"version-history":[{"count":2,"href":"https:\/\/www.ulusiada.pt\/clima\/wp-json\/wp\/v2\/pages\/3492\/revisions"}],"predecessor-version":[{"id":3494,"href":"https:\/\/www.ulusiada.pt\/clima\/wp-json\/wp\/v2\/pages\/3492\/revisions\/3494"}],"up":[{"embeddable":true,"href":"https:\/\/www.ulusiada.pt\/clima\/wp-json\/wp\/v2\/pages\/91"}],"wp:attachment":[{"href":"https:\/\/www.ulusiada.pt\/clima\/wp-json\/wp\/v2\/media?parent=3492"}],"curies":[{"name":"wp","href":"https:\/\/api.w.org\/{rel}","templated":true}]}}