{"id":3513,"date":"2013-08-02T17:31:06","date_gmt":"2013-08-02T17:31:06","guid":{"rendered":"http:\/\/www.ulusiada.pt\/clima\/?page_id=3513"},"modified":"2013-09-16T10:42:11","modified_gmt":"2013-09-16T10:42:11","slug":"formulario-para-se-contestar-por-negacao","status":"publish","type":"page","link":"https:\/\/www.ulusiada.pt\/clima\/ius-proprium-costumes-e-estilos-da-corte\/tribunal-da-corte\/formulario-para-se-contestar-por-negacao\/","title":{"rendered":"Formul\u00e1rio para se contestar por nega\u00e7\u00e3o"},"content":{"rendered":"<p>Formul\u00e1rio das palavras pelas quais a demanda \u00e9 contestada por nega\u00e7\u00e3o.<\/p>\n","protected":false},"excerpt":{"rendered":"<p>Formul\u00e1rio das palavras pelas quais a demanda \u00e9 contestada por nega\u00e7\u00e3o.<\/p>\n","protected":false},"author":1,"featured_media":0,"parent":4184,"menu_order":3,"comment_status":"closed","ping_status":"open","template":"lei-page.php","meta":[],"acf":[],"_links":{"self":[{"href":"https:\/\/www.ulusiada.pt\/clima\/wp-json\/wp\/v2\/pages\/3513"}],"collection":[{"href":"https:\/\/www.ulusiada.pt\/clima\/wp-json\/wp\/v2\/pages"}],"about":[{"href":"https:\/\/www.ulusiada.pt\/clima\/wp-json\/wp\/v2\/types\/page"}],"author":[{"embeddable":true,"href":"https:\/\/www.ulusiada.pt\/clima\/wp-json\/wp\/v2\/users\/1"}],"replies":[{"embeddable":true,"href":"https:\/\/www.ulusiada.pt\/clima\/wp-json\/wp\/v2\/comments?post=3513"}],"version-history":[{"count":5,"href":"https:\/\/www.ulusiada.pt\/clima\/wp-json\/wp\/v2\/pages\/3513\/revisions"}],"predecessor-version":[{"id":3515,"href":"https:\/\/www.ulusiada.pt\/clima\/wp-json\/wp\/v2\/pages\/3513\/revisions\/3515"}],"up":[{"embeddable":true,"href":"https:\/\/www.ulusiada.pt\/clima\/wp-json\/wp\/v2\/pages\/4184"}],"wp:attachment":[{"href":"https:\/\/www.ulusiada.pt\/clima\/wp-json\/wp\/v2\/media?parent=3513"}],"curies":[{"name":"wp","href":"https:\/\/api.w.org\/{rel}","templated":true}]}}