{"id":3526,"date":"2013-08-02T18:29:23","date_gmt":"2013-08-02T18:29:23","guid":{"rendered":"http:\/\/www.ulusiada.pt\/clima\/?page_id=3526"},"modified":"2013-09-21T14:15:55","modified_gmt":"2013-09-21T14:15:55","slug":"chantre-evora-sobre-recurso-de-apelacao","status":"publish","type":"page","link":"https:\/\/www.ulusiada.pt\/clima\/ius-proprium-costumes-e-estilos-da-corte\/tribunal-da-corte\/chantre-evora-sobre-recurso-de-apelacao\/","title":{"rendered":"Chantre \u00c9vora: sobre recurso de apela\u00e7\u00e3o"},"content":{"rendered":"<p>Costume pelo chantre de \u00c9vora (<em>Item he custume ipsius cantoris<\/em>) que define se a parte pode ou n\u00e3o suplicar, quando s\u00e3o invocadas novas raz\u00f5es em recurso de apela\u00e7\u00e3o.<\/p>\n","protected":false},"excerpt":{"rendered":"<p>Costume pelo chantre de \u00c9vora (Item he custume ipsius cantoris) que define se a parte pode ou n\u00e3o suplicar, quando s\u00e3o invocadas novas raz\u00f5es em recurso de apela\u00e7\u00e3o.<\/p>\n","protected":false},"author":1,"featured_media":0,"parent":4184,"menu_order":2,"comment_status":"closed","ping_status":"open","template":"lei-page.php","meta":[],"acf":[],"_links":{"self":[{"href":"https:\/\/www.ulusiada.pt\/clima\/wp-json\/wp\/v2\/pages\/3526"}],"collection":[{"href":"https:\/\/www.ulusiada.pt\/clima\/wp-json\/wp\/v2\/pages"}],"about":[{"href":"https:\/\/www.ulusiada.pt\/clima\/wp-json\/wp\/v2\/types\/page"}],"author":[{"embeddable":true,"href":"https:\/\/www.ulusiada.pt\/clima\/wp-json\/wp\/v2\/users\/1"}],"replies":[{"embeddable":true,"href":"https:\/\/www.ulusiada.pt\/clima\/wp-json\/wp\/v2\/comments?post=3526"}],"version-history":[{"count":8,"href":"https:\/\/www.ulusiada.pt\/clima\/wp-json\/wp\/v2\/pages\/3526\/revisions"}],"predecessor-version":[{"id":3528,"href":"https:\/\/www.ulusiada.pt\/clima\/wp-json\/wp\/v2\/pages\/3526\/revisions\/3528"}],"up":[{"embeddable":true,"href":"https:\/\/www.ulusiada.pt\/clima\/wp-json\/wp\/v2\/pages\/4184"}],"wp:attachment":[{"href":"https:\/\/www.ulusiada.pt\/clima\/wp-json\/wp\/v2\/media?parent=3526"}],"curies":[{"name":"wp","href":"https:\/\/api.w.org\/{rel}","templated":true}]}}