{"id":3529,"date":"2013-08-02T18:34:03","date_gmt":"2013-08-02T18:34:03","guid":{"rendered":"http:\/\/www.ulusiada.pt\/clima\/?page_id=3529"},"modified":"2013-09-16T11:23:52","modified_gmt":"2013-09-16T11:23:52","slug":"costume-do-recurso-de-apelacao","status":"publish","type":"page","link":"https:\/\/www.ulusiada.pt\/clima\/ius-proprium-costumes-e-estilos-da-corte\/tribunal-da-corte\/costume-do-recurso-de-apelacao\/","title":{"rendered":"Costume do recurso de apela\u00e7\u00e3o"},"content":{"rendered":"<p>Costume (<em>Costume he en casa dElRey<\/em>)\u00a0sobre apela\u00e7\u00e3o leg\u00edtima feita na &#8220;casa del-rei&#8221;.<\/p>\n","protected":false},"excerpt":{"rendered":"<p>Costume (Costume he en casa dElRey)\u00a0sobre apela\u00e7\u00e3o leg\u00edtima feita na &#8220;casa del-rei&#8221;.<\/p>\n","protected":false},"author":1,"featured_media":0,"parent":4184,"menu_order":1,"comment_status":"closed","ping_status":"open","template":"lei-page.php","meta":[],"acf":[],"_links":{"self":[{"href":"https:\/\/www.ulusiada.pt\/clima\/wp-json\/wp\/v2\/pages\/3529"}],"collection":[{"href":"https:\/\/www.ulusiada.pt\/clima\/wp-json\/wp\/v2\/pages"}],"about":[{"href":"https:\/\/www.ulusiada.pt\/clima\/wp-json\/wp\/v2\/types\/page"}],"author":[{"embeddable":true,"href":"https:\/\/www.ulusiada.pt\/clima\/wp-json\/wp\/v2\/users\/1"}],"replies":[{"embeddable":true,"href":"https:\/\/www.ulusiada.pt\/clima\/wp-json\/wp\/v2\/comments?post=3529"}],"version-history":[{"count":4,"href":"https:\/\/www.ulusiada.pt\/clima\/wp-json\/wp\/v2\/pages\/3529\/revisions"}],"predecessor-version":[{"id":3531,"href":"https:\/\/www.ulusiada.pt\/clima\/wp-json\/wp\/v2\/pages\/3529\/revisions\/3531"}],"up":[{"embeddable":true,"href":"https:\/\/www.ulusiada.pt\/clima\/wp-json\/wp\/v2\/pages\/4184"}],"wp:attachment":[{"href":"https:\/\/www.ulusiada.pt\/clima\/wp-json\/wp\/v2\/media?parent=3529"}],"curies":[{"name":"wp","href":"https:\/\/api.w.org\/{rel}","templated":true}]}}