{"id":3552,"date":"2013-08-03T10:20:57","date_gmt":"2013-08-03T10:20:57","guid":{"rendered":"http:\/\/www.ulusiada.pt\/clima\/?page_id=3552"},"modified":"2013-09-16T13:37:26","modified_gmt":"2013-09-16T13:37:26","slug":"costume-das-custas","status":"publish","type":"page","link":"https:\/\/www.ulusiada.pt\/clima\/ius-proprium-costumes-e-estilos-da-corte\/tribunal-da-corte\/costume-das-custas\/","title":{"rendered":"Costume das custas"},"content":{"rendered":"<p>Costume (<em>De costume da corte<\/em>)\u00a0que permite que se possam estimar os frutos, mas n\u00e3o as custas, com declara\u00e7\u00e3o das despesas.<\/p>\n","protected":false},"excerpt":{"rendered":"<p>Costume (De costume da corte)\u00a0que permite que se possam estimar os frutos, mas n\u00e3o as custas, com declara\u00e7\u00e3o das despesas.<\/p>\n","protected":false},"author":1,"featured_media":0,"parent":4184,"menu_order":1,"comment_status":"closed","ping_status":"open","template":"lei-page.php","meta":[],"acf":[],"_links":{"self":[{"href":"https:\/\/www.ulusiada.pt\/clima\/wp-json\/wp\/v2\/pages\/3552"}],"collection":[{"href":"https:\/\/www.ulusiada.pt\/clima\/wp-json\/wp\/v2\/pages"}],"about":[{"href":"https:\/\/www.ulusiada.pt\/clima\/wp-json\/wp\/v2\/types\/page"}],"author":[{"embeddable":true,"href":"https:\/\/www.ulusiada.pt\/clima\/wp-json\/wp\/v2\/users\/1"}],"replies":[{"embeddable":true,"href":"https:\/\/www.ulusiada.pt\/clima\/wp-json\/wp\/v2\/comments?post=3552"}],"version-history":[{"count":4,"href":"https:\/\/www.ulusiada.pt\/clima\/wp-json\/wp\/v2\/pages\/3552\/revisions"}],"predecessor-version":[{"id":3554,"href":"https:\/\/www.ulusiada.pt\/clima\/wp-json\/wp\/v2\/pages\/3552\/revisions\/3554"}],"up":[{"embeddable":true,"href":"https:\/\/www.ulusiada.pt\/clima\/wp-json\/wp\/v2\/pages\/4184"}],"wp:attachment":[{"href":"https:\/\/www.ulusiada.pt\/clima\/wp-json\/wp\/v2\/media?parent=3552"}],"curies":[{"name":"wp","href":"https:\/\/api.w.org\/{rel}","templated":true}]}}