{"id":357,"date":"2012-04-01T11:19:28","date_gmt":"2012-04-01T11:19:28","guid":{"rendered":"http:\/\/www.ulusiada.pt\/clima\/?page_id=357"},"modified":"2013-01-31T10:02:38","modified_gmt":"2013-01-31T10:02:38","slug":"lei-de-avoenga","status":"publish","type":"page","link":"https:\/\/www.ulusiada.pt\/clima\/ius-proprium-leis-gerais\/d-afonso-ii\/lei-de-avoenga\/","title":{"rendered":"Lei de avoenga"},"content":{"rendered":"<p>Lei de avoenga: estabelece que se algu\u00e9m quiser vender os seus bens de avoenga (dos av\u00f4s), estes sejam, preferencialmente, vendidos aos irm\u00e3os ou aos parentes mais chegados, de forma a resguardar o patrim\u00f3nio familiar.<\/p>\n","protected":false},"excerpt":{"rendered":"<p>Lei de avoenga: estabelece que se algu\u00e9m quiser vender os seus bens de avoenga (dos av\u00f4s), estes sejam, preferencialmente, vendidos aos irm\u00e3os ou aos parentes mais chegados, de forma a resguardar o patrim\u00f3nio familiar.<\/p>\n","protected":false},"author":1,"featured_media":0,"parent":78,"menu_order":19,"comment_status":"closed","ping_status":"open","template":"lei-page.php","meta":[],"acf":[],"_links":{"self":[{"href":"https:\/\/www.ulusiada.pt\/clima\/wp-json\/wp\/v2\/pages\/357"}],"collection":[{"href":"https:\/\/www.ulusiada.pt\/clima\/wp-json\/wp\/v2\/pages"}],"about":[{"href":"https:\/\/www.ulusiada.pt\/clima\/wp-json\/wp\/v2\/types\/page"}],"author":[{"embeddable":true,"href":"https:\/\/www.ulusiada.pt\/clima\/wp-json\/wp\/v2\/users\/1"}],"replies":[{"embeddable":true,"href":"https:\/\/www.ulusiada.pt\/clima\/wp-json\/wp\/v2\/comments?post=357"}],"version-history":[{"count":4,"href":"https:\/\/www.ulusiada.pt\/clima\/wp-json\/wp\/v2\/pages\/357\/revisions"}],"predecessor-version":[{"id":1126,"href":"https:\/\/www.ulusiada.pt\/clima\/wp-json\/wp\/v2\/pages\/357\/revisions\/1126"}],"up":[{"embeddable":true,"href":"https:\/\/www.ulusiada.pt\/clima\/wp-json\/wp\/v2\/pages\/78"}],"wp:attachment":[{"href":"https:\/\/www.ulusiada.pt\/clima\/wp-json\/wp\/v2\/media?parent=357"}],"curies":[{"name":"wp","href":"https:\/\/api.w.org\/{rel}","templated":true}]}}