{"id":360,"date":"2012-04-01T11:38:48","date_gmt":"2012-04-01T11:38:48","guid":{"rendered":"http:\/\/www.ulusiada.pt\/clima\/?page_id=360"},"modified":"2012-05-02T17:34:26","modified_gmt":"2012-05-02T17:34:26","slug":"liberdade-de-escolha-do-senhorio","status":"publish","type":"page","link":"https:\/\/www.ulusiada.pt\/clima\/ius-proprium-leis-gerais\/d-afonso-ii\/liberdade-de-escolha-do-senhorio\/","title":{"rendered":"Liberdade de escolha do senhorio"},"content":{"rendered":"<p>Que todo homem possa viver com quem lhe aprouver, i. e., tenha a liberdade de escolher o seu senhor. O nobre que contra isto for pague quinhentos soldos e se at\u00e9 \u00e0 terceira pena se n\u00e3o quiser corrigir perder\u00e1 quanto tiver e ser\u00e1 deitado fora da terra.<\/p>\n","protected":false},"excerpt":{"rendered":"<p>Que todo homem possa viver com quem lhe aprouver, i. e., tenha a liberdade de escolher o seu senhor. O nobre que contra isto for pague quinhentos soldos e se at\u00e9 \u00e0 terceira pena se n\u00e3o quiser corrigir perder\u00e1 quanto &hellip; <a href=\"https:\/\/www.ulusiada.pt\/clima\/ius-proprium-leis-gerais\/d-afonso-ii\/liberdade-de-escolha-do-senhorio\/\">Continuar a ler <span class=\"meta-nav\">&rarr;<\/span><\/a><\/p>\n","protected":false},"author":1,"featured_media":0,"parent":78,"menu_order":20,"comment_status":"closed","ping_status":"open","template":"lei-page.php","meta":[],"acf":[],"_links":{"self":[{"href":"https:\/\/www.ulusiada.pt\/clima\/wp-json\/wp\/v2\/pages\/360"}],"collection":[{"href":"https:\/\/www.ulusiada.pt\/clima\/wp-json\/wp\/v2\/pages"}],"about":[{"href":"https:\/\/www.ulusiada.pt\/clima\/wp-json\/wp\/v2\/types\/page"}],"author":[{"embeddable":true,"href":"https:\/\/www.ulusiada.pt\/clima\/wp-json\/wp\/v2\/users\/1"}],"replies":[{"embeddable":true,"href":"https:\/\/www.ulusiada.pt\/clima\/wp-json\/wp\/v2\/comments?post=360"}],"version-history":[{"count":2,"href":"https:\/\/www.ulusiada.pt\/clima\/wp-json\/wp\/v2\/pages\/360\/revisions"}],"predecessor-version":[{"id":1128,"href":"https:\/\/www.ulusiada.pt\/clima\/wp-json\/wp\/v2\/pages\/360\/revisions\/1128"}],"up":[{"embeddable":true,"href":"https:\/\/www.ulusiada.pt\/clima\/wp-json\/wp\/v2\/pages\/78"}],"wp:attachment":[{"href":"https:\/\/www.ulusiada.pt\/clima\/wp-json\/wp\/v2\/media?parent=360"}],"curies":[{"name":"wp","href":"https:\/\/api.w.org\/{rel}","templated":true}]}}