{"id":3635,"date":"2013-08-03T14:43:53","date_gmt":"2013-08-03T14:43:53","guid":{"rendered":"http:\/\/www.ulusiada.pt\/clima\/?page_id=3635"},"modified":"2013-09-16T15:30:52","modified_gmt":"2013-09-16T15:30:52","slug":"lei-da-palavra-jurada","status":"publish","type":"page","link":"https:\/\/www.ulusiada.pt\/clima\/ius-proprium-costumes-e-estilos-da-corte\/codigo-de-processo-1248-1279\/lei-da-palavra-jurada\/","title":{"rendered":"Tratado das Provas 21"},"content":{"rendered":"<p>Lei segundo a qual, faltando outras provas, ficar\u00e1 a declara\u00e7\u00e3o sobre a palavra jurada.<\/p>\n","protected":false},"excerpt":{"rendered":"<p>Lei segundo a qual, faltando outras provas, ficar\u00e1 a declara\u00e7\u00e3o sobre a palavra jurada.<\/p>\n","protected":false},"author":1,"featured_media":0,"parent":4182,"menu_order":1,"comment_status":"closed","ping_status":"open","template":"lei-page.php","meta":[],"acf":[],"_links":{"self":[{"href":"https:\/\/www.ulusiada.pt\/clima\/wp-json\/wp\/v2\/pages\/3635"}],"collection":[{"href":"https:\/\/www.ulusiada.pt\/clima\/wp-json\/wp\/v2\/pages"}],"about":[{"href":"https:\/\/www.ulusiada.pt\/clima\/wp-json\/wp\/v2\/types\/page"}],"author":[{"embeddable":true,"href":"https:\/\/www.ulusiada.pt\/clima\/wp-json\/wp\/v2\/users\/1"}],"replies":[{"embeddable":true,"href":"https:\/\/www.ulusiada.pt\/clima\/wp-json\/wp\/v2\/comments?post=3635"}],"version-history":[{"count":3,"href":"https:\/\/www.ulusiada.pt\/clima\/wp-json\/wp\/v2\/pages\/3635\/revisions"}],"predecessor-version":[{"id":3637,"href":"https:\/\/www.ulusiada.pt\/clima\/wp-json\/wp\/v2\/pages\/3635\/revisions\/3637"}],"up":[{"embeddable":true,"href":"https:\/\/www.ulusiada.pt\/clima\/wp-json\/wp\/v2\/pages\/4182"}],"wp:attachment":[{"href":"https:\/\/www.ulusiada.pt\/clima\/wp-json\/wp\/v2\/media?parent=3635"}],"curies":[{"name":"wp","href":"https:\/\/api.w.org\/{rel}","templated":true}]}}