{"id":364,"date":"2012-04-01T11:43:50","date_gmt":"2012-04-01T11:43:50","guid":{"rendered":"http:\/\/www.ulusiada.pt\/clima\/?page_id=364"},"modified":"2012-05-02T17:34:56","modified_gmt":"2012-05-02T17:34:56","slug":"lei-da-usura","status":"publish","type":"page","link":"https:\/\/www.ulusiada.pt\/clima\/ius-proprium-leis-gerais\/d-afonso-ii\/lei-da-usura\/","title":{"rendered":"Lei da usura"},"content":{"rendered":"<p>Lei sobre a usura, para que os mordomos e oven\u00e7ais de el-rei n\u00e3o deem dinheiros \u00e0 onzena, por si ou por outrem, sob pena de perderem quanto houverem.<\/p>\n","protected":false},"excerpt":{"rendered":"<p>Lei sobre a usura, para que os mordomos e oven\u00e7ais de el-rei n\u00e3o deem dinheiros \u00e0 onzena, por si ou por outrem, sob pena de perderem quanto houverem.<\/p>\n","protected":false},"author":1,"featured_media":0,"parent":78,"menu_order":21,"comment_status":"closed","ping_status":"open","template":"lei-page.php","meta":[],"acf":[],"_links":{"self":[{"href":"https:\/\/www.ulusiada.pt\/clima\/wp-json\/wp\/v2\/pages\/364"}],"collection":[{"href":"https:\/\/www.ulusiada.pt\/clima\/wp-json\/wp\/v2\/pages"}],"about":[{"href":"https:\/\/www.ulusiada.pt\/clima\/wp-json\/wp\/v2\/types\/page"}],"author":[{"embeddable":true,"href":"https:\/\/www.ulusiada.pt\/clima\/wp-json\/wp\/v2\/users\/1"}],"replies":[{"embeddable":true,"href":"https:\/\/www.ulusiada.pt\/clima\/wp-json\/wp\/v2\/comments?post=364"}],"version-history":[{"count":3,"href":"https:\/\/www.ulusiada.pt\/clima\/wp-json\/wp\/v2\/pages\/364\/revisions"}],"predecessor-version":[{"id":774,"href":"https:\/\/www.ulusiada.pt\/clima\/wp-json\/wp\/v2\/pages\/364\/revisions\/774"}],"up":[{"embeddable":true,"href":"https:\/\/www.ulusiada.pt\/clima\/wp-json\/wp\/v2\/pages\/78"}],"wp:attachment":[{"href":"https:\/\/www.ulusiada.pt\/clima\/wp-json\/wp\/v2\/media?parent=364"}],"curies":[{"name":"wp","href":"https:\/\/api.w.org\/{rel}","templated":true}]}}