{"id":3641,"date":"2013-08-03T14:55:08","date_gmt":"2013-08-03T14:55:08","guid":{"rendered":"http:\/\/www.ulusiada.pt\/clima\/?page_id=3641"},"modified":"2013-09-11T17:38:33","modified_gmt":"2013-09-11T17:38:33","slug":"canone-da-revelia","status":"publish","type":"page","link":"https:\/\/www.ulusiada.pt\/clima\/ius-proprium-costumes-e-estilos-da-corte\/codigo-de-processo-1248-1279\/canone-da-revelia\/","title":{"rendered":"C\u00e2none da revelia"},"content":{"rendered":"<p>C\u00e2none (<em>Dito he na ley da revelya segral<\/em>)\u00a0sobre a revelia com as penas para as partes que n\u00e3o comparecerem e dos procuradores, que apresentem procura\u00e7\u00e3o v\u00e1lida: <em>&#8220;Dito he na ley da revelya segral que se o emprazado nom veem per sy ou per seu procurador que pena deve aver. Outrossy he dito em na primeira ley das da corte que se nom veem o que o fez emprazar que pena deve aver. E agora convem que saibaaes qual he o costume da casa de ElRey. Se alguum fez emprazar alguum contentor e anbos venham a juizo primeiramente devemos catar se alguuma das partes ou ambas se per procuradores veem cousa que o procurador fa\u00e7a ou diga em no porteiro nom valha ataa que seja julgado per procurador que a precura\u00e7\u00e3o que amostre \u00e9 avondossa pera poder demandar ou defender aquelle preito&#8221;<\/em>.<\/p>\n","protected":false},"excerpt":{"rendered":"<p>C\u00e2none (Dito he na ley da revelya segral)\u00a0sobre a revelia com as penas para as partes que n\u00e3o comparecerem e dos procuradores, que apresentem procura\u00e7\u00e3o v\u00e1lida: &#8220;Dito he na ley da revelya segral que se o emprazado nom veem per &hellip; <a href=\"https:\/\/www.ulusiada.pt\/clima\/ius-proprium-costumes-e-estilos-da-corte\/codigo-de-processo-1248-1279\/canone-da-revelia\/\">Continuar a ler <span class=\"meta-nav\">&rarr;<\/span><\/a><\/p>\n","protected":false},"author":1,"featured_media":0,"parent":4182,"menu_order":0,"comment_status":"closed","ping_status":"open","template":"lei-page.php","meta":[],"acf":[],"_links":{"self":[{"href":"https:\/\/www.ulusiada.pt\/clima\/wp-json\/wp\/v2\/pages\/3641"}],"collection":[{"href":"https:\/\/www.ulusiada.pt\/clima\/wp-json\/wp\/v2\/pages"}],"about":[{"href":"https:\/\/www.ulusiada.pt\/clima\/wp-json\/wp\/v2\/types\/page"}],"author":[{"embeddable":true,"href":"https:\/\/www.ulusiada.pt\/clima\/wp-json\/wp\/v2\/users\/1"}],"replies":[{"embeddable":true,"href":"https:\/\/www.ulusiada.pt\/clima\/wp-json\/wp\/v2\/comments?post=3641"}],"version-history":[{"count":6,"href":"https:\/\/www.ulusiada.pt\/clima\/wp-json\/wp\/v2\/pages\/3641\/revisions"}],"predecessor-version":[{"id":3643,"href":"https:\/\/www.ulusiada.pt\/clima\/wp-json\/wp\/v2\/pages\/3641\/revisions\/3643"}],"up":[{"embeddable":true,"href":"https:\/\/www.ulusiada.pt\/clima\/wp-json\/wp\/v2\/pages\/4182"}],"wp:attachment":[{"href":"https:\/\/www.ulusiada.pt\/clima\/wp-json\/wp\/v2\/media?parent=3641"}],"curies":[{"name":"wp","href":"https:\/\/api.w.org\/{rel}","templated":true}]}}