{"id":3650,"date":"2013-08-03T15:11:09","date_gmt":"2013-08-03T15:11:09","guid":{"rendered":"http:\/\/www.ulusiada.pt\/clima\/?page_id=3650"},"modified":"2013-09-11T17:49:15","modified_gmt":"2013-09-11T17:49:15","slug":"costume-dos-prazos-se-for-alterada-citacao","status":"publish","type":"page","link":"https:\/\/www.ulusiada.pt\/clima\/ius-proprium-costumes-e-estilos-da-corte\/codigo-de-processo-1248-1279\/costume-dos-prazos-se-for-alterada-citacao\/","title":{"rendered":"Costume dos prazos se for alterada cita\u00e7\u00e3o"},"content":{"rendered":"<p>Costume (<em>Custume he<\/em>)\u00a0sobre os prazos a dar \u00e0s partes em caso de modifica\u00e7\u00e3o depois de apresentada a cita\u00e7\u00e3o.<\/p>\n","protected":false},"excerpt":{"rendered":"<p>Costume (Custume he)\u00a0sobre os prazos a dar \u00e0s partes em caso de modifica\u00e7\u00e3o depois de apresentada a cita\u00e7\u00e3o.<\/p>\n","protected":false},"author":1,"featured_media":0,"parent":4182,"menu_order":0,"comment_status":"closed","ping_status":"open","template":"lei-page.php","meta":[],"acf":[],"_links":{"self":[{"href":"https:\/\/www.ulusiada.pt\/clima\/wp-json\/wp\/v2\/pages\/3650"}],"collection":[{"href":"https:\/\/www.ulusiada.pt\/clima\/wp-json\/wp\/v2\/pages"}],"about":[{"href":"https:\/\/www.ulusiada.pt\/clima\/wp-json\/wp\/v2\/types\/page"}],"author":[{"embeddable":true,"href":"https:\/\/www.ulusiada.pt\/clima\/wp-json\/wp\/v2\/users\/1"}],"replies":[{"embeddable":true,"href":"https:\/\/www.ulusiada.pt\/clima\/wp-json\/wp\/v2\/comments?post=3650"}],"version-history":[{"count":4,"href":"https:\/\/www.ulusiada.pt\/clima\/wp-json\/wp\/v2\/pages\/3650\/revisions"}],"predecessor-version":[{"id":3652,"href":"https:\/\/www.ulusiada.pt\/clima\/wp-json\/wp\/v2\/pages\/3650\/revisions\/3652"}],"up":[{"embeddable":true,"href":"https:\/\/www.ulusiada.pt\/clima\/wp-json\/wp\/v2\/pages\/4182"}],"wp:attachment":[{"href":"https:\/\/www.ulusiada.pt\/clima\/wp-json\/wp\/v2\/media?parent=3650"}],"curies":[{"name":"wp","href":"https:\/\/api.w.org\/{rel}","templated":true}]}}