{"id":3656,"date":"2013-08-03T15:22:16","date_gmt":"2013-08-03T15:22:16","guid":{"rendered":"http:\/\/www.ulusiada.pt\/clima\/?page_id=3656"},"modified":"2013-09-11T17:52:11","modified_gmt":"2013-09-11T17:52:11","slug":"costume-da-citacao-sobre-forca-nova","status":"publish","type":"page","link":"https:\/\/www.ulusiada.pt\/clima\/ius-proprium-costumes-e-estilos-da-corte\/codigo-de-processo-1248-1279\/costume-da-citacao-sobre-forca-nova\/","title":{"rendered":"Costume da cita\u00e7\u00e3o sobre for\u00e7a nova"},"content":{"rendered":"<p>Costume\u00a0(<em>Custume he<\/em>) sobre os que devem ser citados sobre for\u00e7a nova.<\/p>\n","protected":false},"excerpt":{"rendered":"<p>Costume\u00a0(Custume he) sobre os que devem ser citados sobre for\u00e7a nova.<\/p>\n","protected":false},"author":1,"featured_media":0,"parent":4182,"menu_order":0,"comment_status":"closed","ping_status":"open","template":"lei-page.php","meta":[],"acf":[],"_links":{"self":[{"href":"https:\/\/www.ulusiada.pt\/clima\/wp-json\/wp\/v2\/pages\/3656"}],"collection":[{"href":"https:\/\/www.ulusiada.pt\/clima\/wp-json\/wp\/v2\/pages"}],"about":[{"href":"https:\/\/www.ulusiada.pt\/clima\/wp-json\/wp\/v2\/types\/page"}],"author":[{"embeddable":true,"href":"https:\/\/www.ulusiada.pt\/clima\/wp-json\/wp\/v2\/users\/1"}],"replies":[{"embeddable":true,"href":"https:\/\/www.ulusiada.pt\/clima\/wp-json\/wp\/v2\/comments?post=3656"}],"version-history":[{"count":7,"href":"https:\/\/www.ulusiada.pt\/clima\/wp-json\/wp\/v2\/pages\/3656\/revisions"}],"predecessor-version":[{"id":3658,"href":"https:\/\/www.ulusiada.pt\/clima\/wp-json\/wp\/v2\/pages\/3656\/revisions\/3658"}],"up":[{"embeddable":true,"href":"https:\/\/www.ulusiada.pt\/clima\/wp-json\/wp\/v2\/pages\/4182"}],"wp:attachment":[{"href":"https:\/\/www.ulusiada.pt\/clima\/wp-json\/wp\/v2\/media?parent=3656"}],"curies":[{"name":"wp","href":"https:\/\/api.w.org\/{rel}","templated":true}]}}