{"id":3661,"date":"2013-08-03T17:16:31","date_gmt":"2013-08-03T17:16:31","guid":{"rendered":"http:\/\/www.ulusiada.pt\/clima\/?page_id=3661"},"modified":"2013-09-11T17:53:33","modified_gmt":"2013-09-11T17:53:33","slug":"lei-da-citacao-a-corte","status":"publish","type":"page","link":"https:\/\/www.ulusiada.pt\/clima\/ius-proprium-costumes-e-estilos-da-corte\/codigo-de-processo-1248-1279\/lei-da-citacao-a-corte\/","title":{"rendered":"Lei da cita\u00e7\u00e3o \u00e0 Corte"},"content":{"rendered":"<p>Lei das pessoas que devem ser citadas \u00e0 Casa de el-rei.<\/p>\n","protected":false},"excerpt":{"rendered":"<p>Lei das pessoas que devem ser citadas \u00e0 Casa de el-rei.<\/p>\n","protected":false},"author":1,"featured_media":0,"parent":4182,"menu_order":0,"comment_status":"closed","ping_status":"open","template":"lei-page.php","meta":[],"acf":[],"_links":{"self":[{"href":"https:\/\/www.ulusiada.pt\/clima\/wp-json\/wp\/v2\/pages\/3661"}],"collection":[{"href":"https:\/\/www.ulusiada.pt\/clima\/wp-json\/wp\/v2\/pages"}],"about":[{"href":"https:\/\/www.ulusiada.pt\/clima\/wp-json\/wp\/v2\/types\/page"}],"author":[{"embeddable":true,"href":"https:\/\/www.ulusiada.pt\/clima\/wp-json\/wp\/v2\/users\/1"}],"replies":[{"embeddable":true,"href":"https:\/\/www.ulusiada.pt\/clima\/wp-json\/wp\/v2\/comments?post=3661"}],"version-history":[{"count":8,"href":"https:\/\/www.ulusiada.pt\/clima\/wp-json\/wp\/v2\/pages\/3661\/revisions"}],"predecessor-version":[{"id":3663,"href":"https:\/\/www.ulusiada.pt\/clima\/wp-json\/wp\/v2\/pages\/3661\/revisions\/3663"}],"up":[{"embeddable":true,"href":"https:\/\/www.ulusiada.pt\/clima\/wp-json\/wp\/v2\/pages\/4182"}],"wp:attachment":[{"href":"https:\/\/www.ulusiada.pt\/clima\/wp-json\/wp\/v2\/media?parent=3661"}],"curies":[{"name":"wp","href":"https:\/\/api.w.org\/{rel}","templated":true}]}}