{"id":3664,"date":"2013-08-03T18:32:30","date_gmt":"2013-08-03T18:32:30","guid":{"rendered":"http:\/\/www.ulusiada.pt\/clima\/?page_id=3664"},"modified":"2013-09-11T18:14:04","modified_gmt":"2013-09-11T18:14:04","slug":"lei-dos-que-podem-citar-a-corte-2","status":"publish","type":"page","link":"https:\/\/www.ulusiada.pt\/clima\/ius-proprium-costumes-e-estilos-da-corte\/codigo-de-processo-1248-1279\/lei-dos-que-podem-citar-a-corte-2\/","title":{"rendered":"Lei dos que podem citar \u00e0 Corte"},"content":{"rendered":"<p>Lei sobre aqueles que t\u00eam privil\u00e9gio para citar \u00e0 Casa de el-rei.<\/p>\n","protected":false},"excerpt":{"rendered":"<p>Lei sobre aqueles que t\u00eam privil\u00e9gio para citar \u00e0 Casa de el-rei.<\/p>\n","protected":false},"author":1,"featured_media":0,"parent":4182,"menu_order":0,"comment_status":"closed","ping_status":"open","template":"lei-page.php","meta":[],"acf":[],"_links":{"self":[{"href":"https:\/\/www.ulusiada.pt\/clima\/wp-json\/wp\/v2\/pages\/3664"}],"collection":[{"href":"https:\/\/www.ulusiada.pt\/clima\/wp-json\/wp\/v2\/pages"}],"about":[{"href":"https:\/\/www.ulusiada.pt\/clima\/wp-json\/wp\/v2\/types\/page"}],"author":[{"embeddable":true,"href":"https:\/\/www.ulusiada.pt\/clima\/wp-json\/wp\/v2\/users\/1"}],"replies":[{"embeddable":true,"href":"https:\/\/www.ulusiada.pt\/clima\/wp-json\/wp\/v2\/comments?post=3664"}],"version-history":[{"count":3,"href":"https:\/\/www.ulusiada.pt\/clima\/wp-json\/wp\/v2\/pages\/3664\/revisions"}],"predecessor-version":[{"id":3666,"href":"https:\/\/www.ulusiada.pt\/clima\/wp-json\/wp\/v2\/pages\/3664\/revisions\/3666"}],"up":[{"embeddable":true,"href":"https:\/\/www.ulusiada.pt\/clima\/wp-json\/wp\/v2\/pages\/4182"}],"wp:attachment":[{"href":"https:\/\/www.ulusiada.pt\/clima\/wp-json\/wp\/v2\/media?parent=3664"}],"curies":[{"name":"wp","href":"https:\/\/api.w.org\/{rel}","templated":true}]}}