{"id":3678,"date":"2013-08-04T09:41:36","date_gmt":"2013-08-04T09:41:36","guid":{"rendered":"http:\/\/www.ulusiada.pt\/clima\/?page_id=3678"},"modified":"2013-09-11T18:16:23","modified_gmt":"2013-09-11T18:16:23","slug":"costume-das-razoes-posteriores-a-citacao","status":"publish","type":"page","link":"https:\/\/www.ulusiada.pt\/clima\/ius-proprium-costumes-e-estilos-da-corte\/codigo-de-processo-1248-1279\/costume-das-razoes-posteriores-a-citacao\/","title":{"rendered":"Costume das raz\u00f5es posteriores \u00e0 cita\u00e7\u00e3o"},"content":{"rendered":"<p>Costume (<em>De costume<\/em>)\u00a0que determina que o autor possa posteriormente declarar as raz\u00f5es ainda que as n\u00e3o declare na cita\u00e7\u00e3o.<\/p>\n","protected":false},"excerpt":{"rendered":"<p>Costume (De costume)\u00a0que determina que o autor possa posteriormente declarar as raz\u00f5es ainda que as n\u00e3o declare na cita\u00e7\u00e3o.<\/p>\n","protected":false},"author":1,"featured_media":0,"parent":4182,"menu_order":0,"comment_status":"closed","ping_status":"open","template":"lei-page.php","meta":[],"acf":[],"_links":{"self":[{"href":"https:\/\/www.ulusiada.pt\/clima\/wp-json\/wp\/v2\/pages\/3678"}],"collection":[{"href":"https:\/\/www.ulusiada.pt\/clima\/wp-json\/wp\/v2\/pages"}],"about":[{"href":"https:\/\/www.ulusiada.pt\/clima\/wp-json\/wp\/v2\/types\/page"}],"author":[{"embeddable":true,"href":"https:\/\/www.ulusiada.pt\/clima\/wp-json\/wp\/v2\/users\/1"}],"replies":[{"embeddable":true,"href":"https:\/\/www.ulusiada.pt\/clima\/wp-json\/wp\/v2\/comments?post=3678"}],"version-history":[{"count":4,"href":"https:\/\/www.ulusiada.pt\/clima\/wp-json\/wp\/v2\/pages\/3678\/revisions"}],"predecessor-version":[{"id":3680,"href":"https:\/\/www.ulusiada.pt\/clima\/wp-json\/wp\/v2\/pages\/3678\/revisions\/3680"}],"up":[{"embeddable":true,"href":"https:\/\/www.ulusiada.pt\/clima\/wp-json\/wp\/v2\/pages\/4182"}],"wp:attachment":[{"href":"https:\/\/www.ulusiada.pt\/clima\/wp-json\/wp\/v2\/media?parent=3678"}],"curies":[{"name":"wp","href":"https:\/\/api.w.org\/{rel}","templated":true}]}}