{"id":368,"date":"2012-04-01T11:48:53","date_gmt":"2012-04-01T11:48:53","guid":{"rendered":"http:\/\/www.ulusiada.pt\/clima\/?page_id=368"},"modified":"2012-05-02T17:35:27","modified_gmt":"2012-05-02T17:35:27","slug":"lei-da-ira-regia","status":"publish","type":"page","link":"https:\/\/www.ulusiada.pt\/clima\/ius-proprium-leis-gerais\/d-afonso-ii\/lei-da-ira-regia\/","title":{"rendered":"Lei da ira r\u00e9gia"},"content":{"rendered":"<p>Lei da <em>ira r\u00e9gia<\/em>: quando for dada senten\u00e7a de morte, a sua execu\u00e7\u00e3o n\u00e3o seja imediata, antes seja prolongada at\u00e9 vinte dias.<\/p>\n","protected":false},"excerpt":{"rendered":"<p>Lei da ira r\u00e9gia: quando for dada senten\u00e7a de morte, a sua execu\u00e7\u00e3o n\u00e3o seja imediata, antes seja prolongada at\u00e9 vinte dias.<\/p>\n","protected":false},"author":1,"featured_media":0,"parent":78,"menu_order":22,"comment_status":"closed","ping_status":"open","template":"lei-page.php","meta":[],"acf":[],"_links":{"self":[{"href":"https:\/\/www.ulusiada.pt\/clima\/wp-json\/wp\/v2\/pages\/368"}],"collection":[{"href":"https:\/\/www.ulusiada.pt\/clima\/wp-json\/wp\/v2\/pages"}],"about":[{"href":"https:\/\/www.ulusiada.pt\/clima\/wp-json\/wp\/v2\/types\/page"}],"author":[{"embeddable":true,"href":"https:\/\/www.ulusiada.pt\/clima\/wp-json\/wp\/v2\/users\/1"}],"replies":[{"embeddable":true,"href":"https:\/\/www.ulusiada.pt\/clima\/wp-json\/wp\/v2\/comments?post=368"}],"version-history":[{"count":2,"href":"https:\/\/www.ulusiada.pt\/clima\/wp-json\/wp\/v2\/pages\/368\/revisions"}],"predecessor-version":[{"id":1131,"href":"https:\/\/www.ulusiada.pt\/clima\/wp-json\/wp\/v2\/pages\/368\/revisions\/1131"}],"up":[{"embeddable":true,"href":"https:\/\/www.ulusiada.pt\/clima\/wp-json\/wp\/v2\/pages\/78"}],"wp:attachment":[{"href":"https:\/\/www.ulusiada.pt\/clima\/wp-json\/wp\/v2\/media?parent=368"}],"curies":[{"name":"wp","href":"https:\/\/api.w.org\/{rel}","templated":true}]}}