{"id":3693,"date":"2013-08-04T10:11:33","date_gmt":"2013-08-04T10:11:33","guid":{"rendered":"http:\/\/www.ulusiada.pt\/clima\/?page_id=3693"},"modified":"2013-09-11T18:21:59","modified_gmt":"2013-09-11T18:21:59","slug":"lei-da-substituicao-de-procurador","status":"publish","type":"page","link":"https:\/\/www.ulusiada.pt\/clima\/ius-proprium-costumes-e-estilos-da-corte\/codigo-de-processo-1248-1279\/lei-da-substituicao-de-procurador\/","title":{"rendered":"Lei da substitui\u00e7\u00e3o de procurador"},"content":{"rendered":"<p>Lei sobre a substitui\u00e7\u00e3o de procurador, nomeadamente aquele que tem ra\u00e7\u00e3o de el-rei e foi nomeado procurador.<\/p>\n","protected":false},"excerpt":{"rendered":"<p>Lei sobre a substitui\u00e7\u00e3o de procurador, nomeadamente aquele que tem ra\u00e7\u00e3o de el-rei e foi nomeado procurador.<\/p>\n","protected":false},"author":1,"featured_media":0,"parent":4182,"menu_order":0,"comment_status":"closed","ping_status":"open","template":"lei-page.php","meta":[],"acf":[],"_links":{"self":[{"href":"https:\/\/www.ulusiada.pt\/clima\/wp-json\/wp\/v2\/pages\/3693"}],"collection":[{"href":"https:\/\/www.ulusiada.pt\/clima\/wp-json\/wp\/v2\/pages"}],"about":[{"href":"https:\/\/www.ulusiada.pt\/clima\/wp-json\/wp\/v2\/types\/page"}],"author":[{"embeddable":true,"href":"https:\/\/www.ulusiada.pt\/clima\/wp-json\/wp\/v2\/users\/1"}],"replies":[{"embeddable":true,"href":"https:\/\/www.ulusiada.pt\/clima\/wp-json\/wp\/v2\/comments?post=3693"}],"version-history":[{"count":3,"href":"https:\/\/www.ulusiada.pt\/clima\/wp-json\/wp\/v2\/pages\/3693\/revisions"}],"predecessor-version":[{"id":3695,"href":"https:\/\/www.ulusiada.pt\/clima\/wp-json\/wp\/v2\/pages\/3693\/revisions\/3695"}],"up":[{"embeddable":true,"href":"https:\/\/www.ulusiada.pt\/clima\/wp-json\/wp\/v2\/pages\/4182"}],"wp:attachment":[{"href":"https:\/\/www.ulusiada.pt\/clima\/wp-json\/wp\/v2\/media?parent=3693"}],"curies":[{"name":"wp","href":"https:\/\/api.w.org\/{rel}","templated":true}]}}