{"id":3722,"date":"2013-08-05T09:53:59","date_gmt":"2013-08-05T09:53:59","guid":{"rendered":"http:\/\/www.ulusiada.pt\/clima\/?page_id=3722"},"modified":"2013-09-22T10:23:03","modified_gmt":"2013-09-22T10:23:03","slug":"estilo-da-corte-e-formularios-das-apelacoes","status":"publish","type":"page","link":"https:\/\/www.ulusiada.pt\/clima\/ius-proprium-costumes-e-estilos-da-corte\/codigo-de-processo-1248-1279\/estilo-da-corte-e-formularios-das-apelacoes\/","title":{"rendered":"Estilo da corte e formul\u00e1rios das apela\u00e7\u00f5es"},"content":{"rendered":"<p>Estilos da corte\u00a0e formul\u00e1rios\u00a0das cartas das\u00a0apela\u00e7\u00f5es que v\u00e3o \u00e0 &#8220;casa del-rei&#8221;, tanto das senten\u00e7as interlucot\u00f3rias como das definitivas, em caso de revelia do recorrido.<\/p>\n<p style=\"text-align: center; padding-left: 30px;\"><strong>(1)<br \/>\n<\/strong>Formul\u00e1rio da carta do sobrejuiz dirigida ao juiz <em>a quo<\/em>, em caso de revelia do recorrido\/demandante (autor), quando a senten\u00e7a \u00e9 interlocut\u00f3ria e recorrente o demandado (r\u00e9u):<\/p>\n<p style=\"text-align: left; padding-left: 30px;\">Sabede que eu vi vossa carta de raz\u00f5es e de agravo que de v\u00f3s filhou \u00abfo\u00e3o\u00bb&#8230;<\/p>\n<p style=\"text-align: left; padding-left: 60px;\"><strong><em>(i)<\/em><\/strong> relat\u00f3rio da demanda;<br \/>\n<em><strong>(ii)<\/strong><\/em> revoga a decis\u00e3o do juiz <em>a quo<\/em>, que decidiu mal, e confirma o agravo;<br \/>\n<em><strong>(iii)<\/strong><\/em> imp\u00f5e que o recorrente\/demandado n\u00e3o responda mais a essa demanda perante o dito juiz <em>a quo<\/em>;<br \/>\n<em><strong>(iv)<\/strong><\/em> a outra parte, se entendesse haver algum Direito, dev\u00ea-lo-ia demandar perante ele sobrejuiz;<br \/>\n<em><strong>(v)<\/strong><\/em> o qual daria Direito a cada um depois de ouvidas ambas as partes.<\/p>\n<p style=\"text-align: left; padding-left: 30px;\">Unde al non fa\u00e7ades etc&#8230;<\/p>\n<p style=\"text-align: center; padding-left: 30px;\"><strong>(2)<br \/>\n<\/strong>Formul\u00e1rio da carta do sobrejuiz dirigida ao juiz <em>a quo<\/em>, em caso de revelia do recorrido\/demandante, quando a senten\u00e7a \u00e9 definitiva e recorrente o demandado:<\/p>\n<p style=\"padding-left: 30px;\">Sabede que eu vi uma vossa carta das raz\u00f5es e do ju\u00edzo e do\u00a0agravo que de v\u00f3s filhou \u00abfo\u00e3o\u00bb&#8230;<\/p>\n<p style=\"padding-left: 60px;\">\u00a0<em><strong>(i)<\/strong><\/em> relat\u00f3rio da demanda;<br \/>\n<em><strong>(ii)<\/strong><\/em> revoga a decis\u00e3o do juiz <em>a quo<\/em>, que decidiu mal, e confirma o agravo;<br \/>\n<em><strong>(iii)<\/strong><\/em> corrige o ju\u00edzo de 1.\u00aa inst\u00e2ncia;<br \/>\n<em><strong>(iv)<\/strong><\/em> imp\u00f5e que o recorrente\/demandado n\u00e3o responda mais a essa demanda perante o dito juiz <em>a quo;<br \/>\n<\/em><em><strong>(v)<\/strong><\/em> que o demandador n\u00e3o possa mais chamar o seu advers\u00e1rio a ju\u00edzo para ouvir a senten\u00e7a de 1.\u00aa inst\u00e2ncia que foi apelada.<\/p>\n<p style=\"padding-left: 30px;\">Unde al non fa\u00e7ades etc&#8230;<\/p>\n<p style=\"text-align: center; padding-left: 30px;\"><strong>(3)<br \/>\n<\/strong>Formul\u00e1rio da carta do sobrejuiz dirigida ao juiz <em>a quo,<\/em> tanto para senten\u00e7a interlocut\u00f3ria como definitiva, em caso de revelia do recorrido\/demandado e quando o recorrente \u00e9 o demandador\/autor:<\/p>\n<p style=\"text-align: left; padding-left: 30px;\">Sabede que eu vi vossa carta das raz\u00f5es e do ju\u00edzo e do\u00a0agravo que de v\u00f3s filhou \u00abfo\u00e3o\u00bb&#8230;<\/p>\n<p style=\"padding-left: 60px;\"><em><strong>(i)<\/strong><\/em> relat\u00f3rio da demanda;<br \/>\n<em><strong>(ii)<\/strong><\/em> revoga a decis\u00e3o do juiz <em>a quo<\/em>, que decidiu mal, e confirma o agravo;<br \/>\n<em><strong>(iii)<\/strong><\/em> a demanda passa a seguir termos perante o sobrejuiz <em>ad quem<\/em>;<br \/>\n<em><strong>(iv)<\/strong><\/em> o juiz <em>a quo<\/em> fica encarregue de emprazar a parte recorrida\/demandado para comparecer perante o sobrejuiz no prazo de <em>\u201cdous noue dias\u201d<\/em> (18 dias), a contar a partir do dia da notifica\u00e7\u00e3o em que lhe seja mostrada a carta do sobrejuiz;<br \/>\n<em><strong>(v)<\/strong><\/em> e, depois de ouvidas as partes, se daria a cada um o seu Direito;<br \/>\n<em><strong>(vi)<\/strong><\/em> ficando o juiz <em>a quo<\/em> encarregue de informar o dito sobrejuiz da data em que as partes deveriam comparecer perante ele.<\/p>\n<p style=\"padding-left: 30px;\">Unde al non fa\u00e7ades etc&#8230;<\/p>\n","protected":false},"excerpt":{"rendered":"<p>Estilos da corte\u00a0e formul\u00e1rios\u00a0das cartas das\u00a0apela\u00e7\u00f5es que v\u00e3o \u00e0 &#8220;casa del-rei&#8221;, tanto das senten\u00e7as interlucot\u00f3rias como das definitivas, em caso de revelia do recorrido. (1) Formul\u00e1rio da carta do sobrejuiz dirigida ao juiz a quo, em caso de revelia do &hellip; <a href=\"https:\/\/www.ulusiada.pt\/clima\/ius-proprium-costumes-e-estilos-da-corte\/codigo-de-processo-1248-1279\/estilo-da-corte-e-formularios-das-apelacoes\/\">Continuar a ler <span class=\"meta-nav\">&rarr;<\/span><\/a><\/p>\n","protected":false},"author":1,"featured_media":0,"parent":4182,"menu_order":0,"comment_status":"closed","ping_status":"open","template":"lei-page.php","meta":[],"acf":[],"_links":{"self":[{"href":"https:\/\/www.ulusiada.pt\/clima\/wp-json\/wp\/v2\/pages\/3722"}],"collection":[{"href":"https:\/\/www.ulusiada.pt\/clima\/wp-json\/wp\/v2\/pages"}],"about":[{"href":"https:\/\/www.ulusiada.pt\/clima\/wp-json\/wp\/v2\/types\/page"}],"author":[{"embeddable":true,"href":"https:\/\/www.ulusiada.pt\/clima\/wp-json\/wp\/v2\/users\/1"}],"replies":[{"embeddable":true,"href":"https:\/\/www.ulusiada.pt\/clima\/wp-json\/wp\/v2\/comments?post=3722"}],"version-history":[{"count":18,"href":"https:\/\/www.ulusiada.pt\/clima\/wp-json\/wp\/v2\/pages\/3722\/revisions"}],"predecessor-version":[{"id":3724,"href":"https:\/\/www.ulusiada.pt\/clima\/wp-json\/wp\/v2\/pages\/3722\/revisions\/3724"}],"up":[{"embeddable":true,"href":"https:\/\/www.ulusiada.pt\/clima\/wp-json\/wp\/v2\/pages\/4182"}],"wp:attachment":[{"href":"https:\/\/www.ulusiada.pt\/clima\/wp-json\/wp\/v2\/media?parent=3722"}],"curies":[{"name":"wp","href":"https:\/\/api.w.org\/{rel}","templated":true}]}}