{"id":3728,"date":"2013-08-05T10:14:13","date_gmt":"2013-08-05T10:14:13","guid":{"rendered":"http:\/\/www.ulusiada.pt\/clima\/?page_id=3728"},"modified":"2013-09-22T10:42:33","modified_gmt":"2013-09-22T10:42:33","slug":"formularios-das-apelacoes-3","status":"publish","type":"page","link":"https:\/\/www.ulusiada.pt\/clima\/ius-proprium-costumes-e-estilos-da-corte\/codigo-de-processo-1248-1279\/formularios-das-apelacoes-3\/","title":{"rendered":"Formul\u00e1rios das apela\u00e7\u00f5es"},"content":{"rendered":"<p>Formul\u00e1rios\u00a0sobre as apela\u00e7\u00f5es de senten\u00e7a \u00e0 &#8220;casa del-rei&#8221;, no caso de a senten\u00e7a de primeira inst\u00e2ncia ser v\u00e1lida e se considerar que o recorrente apelou mal, n\u00e3o comparecendo a ju\u00edzo a parte recorrida\/apelada.<\/p>\n<p style=\"text-align: center; padding-left: 30px;\"><strong>(1)<br \/>\n(<\/strong>Formul\u00e1rio da carta do sobrejuiz dirigida ao juiz <em>a quo<\/em>, em caso de revelia do recorrido, se a senten\u00e7a \u00e9 interlocut\u00f3ria e o recorrente o demandador\/autor)<\/p>\n<p style=\"padding-left: 30px;\">Sabede que \u00abfo\u00e3o\u00bb veio perante mim, por si ou por seu procurador, a tal dia e\u00a0disse-me que\u2026<\/p>\n<p style=\"padding-left: 60px;\"><em><strong>(i)<\/strong><\/em> relat\u00f3rio da demanda;<br \/>\n<strong><em>(ii)<\/em><\/strong> confirma a presen\u00e7a na corte do recorrente ou seu procurador em dia preciso;<br \/>\n<em><strong>(iii)<\/strong><\/em> confirma que o juiz <em>a quo<\/em> deu por escrito, em carta de agravo, as raz\u00f5es ou argumentos dambas as partes, a decis\u00e3o proferida em 1.\u00aa inst\u00e2ncia e o agravo ou fundamento justificativo de recurso, com um dia fixo para as partes comparecerem na corte perante o sobrejuiz;<br \/>\n<em><strong>(iv)<\/strong><\/em> identifica o dito dia;<br \/>\n<em><strong>(v)<\/strong><\/em> certifica a presen\u00e7a por tr\u00eas dias, segundo lei da corte, do demandador\/recorrente ou seu procurador;<br \/>\n<em><strong>(vi)<\/strong><\/em> a outra parte n\u00e3o compareceu nem enviou representante;<br \/>\n<em><strong>(vii)<\/strong><\/em> \u00e9 confirmada a decis\u00e3o em primeira inst\u00e2ncia;<br \/>\n<em><strong>(viii)<\/strong><\/em> manda ao juiz <em>a quo<\/em>que, perante esta carta de senten\u00e7a, fa\u00e7a vir as partes \u00e0 sua presen\u00e7a, as ou\u00e7a e se achar que o ju\u00edzo por ele anteriormente dado \u00e9 justo, que a parte apelou e que o dia marcado para as partes comparecerem perante o sobrejuiz est\u00e1 correcto, deve ter e guardar esse seu ju\u00edzo;<br \/>\n<em><strong>(ix)<\/strong><\/em> deve mandar prosseguir o pleito e dar a cada um o seu Direito;<br \/>\n<strong><em>(x)<\/em><\/strong> condena-se o revel no pagamento das custas de trinta dias de recurso \u00e0 outra parte;<br \/>\n<em><strong>(xi)<\/strong><\/em> manda executar os bens m\u00f3veis necess\u00e1rios e, se n\u00e3o abondar o m\u00f3vel, venda-se o im\u00f3vel.<\/p>\n<p style=\"padding-left: 30px;\">Unde al non fa\u00e7ades etc&#8230;<\/p>\n<p style=\"text-align: center; padding-left: 30px;\"><strong>(2)<br \/>\n(<\/strong>Formul\u00e1rio da carta do sobrejuiz dirigida ao juiz <em>a quo<\/em>, em caso de revelia do recorrido, se a senten\u00e7a \u00e9 definitiva e o recorrente o demandador\/autor)<\/p>\n<p style=\"padding-left: 30px;\">id\u00eantico ao formul\u00e1rio supra, salvo que n\u00e3o pode mandar prosseguir o pleito, porque se trata de senten\u00e7a definitiva; mandando \u00e0 mesma guardar e cumprir a sua decis\u00e3o e o pagamento das custas de trinta dias de recurso \u00e0 outra parte.<\/p>\n<p style=\"padding-left: 30px;\">Unde al non fa\u00e7ades etc&#8230;<\/p>\n<p style=\"text-align: center; padding-left: 30px;\"><strong>(3)<br \/>\n(<\/strong>Formul\u00e1rio da carta do sobrejuiz dirigida ao juiz <em>a quo<\/em>, em caso de revelia do recorrido, se a senten\u00e7a \u00e9 interlocut\u00f3ria e o recorrente o demandado\/r\u00e9u)<\/p>\n<p style=\"padding-left: 30px;\">Sabede que \u00abfo\u00e3o\u00bb veio perante mim e\u00a0disse-me que\u2026<\/p>\n<p style=\"padding-left: 60px;\"><em><strong>(i)<\/strong><\/em> relat\u00f3rio da demanda;<br \/>\n<em><strong>(ii)<\/strong><\/em> confirma que o juiz <em>a quo<\/em> deu por escrito, em carta de agravo, as raz\u00f5es ou argumentos dambas as partes, a decis\u00e3o proferida em 1.\u00aa inst\u00e2ncia e o agravo ou fundamento justificativo de recurso, com um dia fixo para as partes comparecerem na corte perante o sobrejuiz;<br \/>\n<em><strong>(iii)<\/strong><\/em> identifica o dito dia;<br \/>\n<strong><em>(iv)<\/em><\/strong> certifica a presen\u00e7a por tr\u00eas dias, segundo lei da corte, do demandado\/recorrente ou seu procurador;<br \/>\n<em><strong>(v)<\/strong><\/em> a outra parte n\u00e3o compareceu nem enviou representante;<br \/>\n<em><strong>(vi)<\/strong><\/em> manda ao juiz <em>a quo<\/em> que, perante esta carta de senten\u00e7a, fa\u00e7a vir as partes \u00e0 sua presen\u00e7a, as ou\u00e7a e se achar que o ju\u00edzo por ele anteriormente dado \u00e9 justo, que a parte se agravou e que o dia marcado para as partes comparecerem perante o sobrejuiz est\u00e1 correcto, deve ter e guardar esse seu ju\u00edzo;<br \/>\n<em><strong>(vii)<\/strong><\/em> condena-se o revel no pagamento das custas de trinta dias de recurso \u00e0 outra parte;<br \/>\n<em><strong>(viii)<\/strong><\/em> o pleito n\u00e3o pode prosseguir, nem o demandado pode ser constrangido a responder em ju\u00edzo, at\u00e9 que seja ressarcido dessas custas.<\/p>\n<p style=\"padding-left: 30px;\">Unde al non fa\u00e7ades etc&#8230;<\/p>\n<p style=\"text-align: center; padding-left: 30px;\"><strong>(4)<br \/>\n(<\/strong>Formul\u00e1rio da carta do sobrejuiz dirigida ao juiz <em>a quo<\/em>, em caso de revelia do recorrido, se a senten\u00e7a \u00e9 definitiva e o recorrente o demandado\/r\u00e9u)<\/p>\n<p style=\"padding-left: 30px;\">Sabede que\u00a0veio perante mim \u00abfo\u00e3o\u00bb ou enviou e\u00a0disse-me que\u2026<\/p>\n<p style=\"padding-left: 60px;\"><em><strong>(i)<\/strong><\/em> relat\u00f3rio da demanda;<br \/>\n<em><strong>(ii)<\/strong><\/em> confirma que o juiz <em>a quo<\/em> deu por escrito, em carta de agravo, as raz\u00f5es ou argumentos dambas as partes, a decis\u00e3o proferida em 1.\u00aa inst\u00e2ncia e o agravo ou fundamento justificativo de recurso, com um dia fixo para as partes comparecerem na corte perante o sobrejuiz;<br \/>\n<em><strong>(iii)<\/strong><\/em> identifica o dito dia;<br \/>\n<em><strong>(iv)<\/strong><\/em> certifica a presen\u00e7a por tr\u00eas dias, segundo lei da corte, do demandado\/recorrente ou seu procurador;<br \/>\n<em><strong>(v)<\/strong><\/em> a outra parte n\u00e3o compareceu nem enviou representante;<br \/>\n<em><strong>(vi)<\/strong><\/em> manda ao juiz <em>a quo<\/em>que, perante esta carta de senten\u00e7a, fa\u00e7a vir as partes \u00e0 sua presen\u00e7a, as ou\u00e7a e se achar que o ju\u00edzo por ele anteriormente dado \u00e9 justo, que a parte se agravou e que o dia marcado para as partes comparecerem perante o sobrejuiz est\u00e1 correcto, deve ter e guardar esse mesmo ju\u00edzo;<br \/>\n<em><strong>(vii)<\/strong><\/em> condena-se o revel no pagamento das custas de trinta dias de recurso \u00e0 outra parte;<br \/>\n<em><strong>(viii)<\/strong><\/em> manda executar os bens m\u00f3veis necess\u00e1rios e, se n\u00e3o abondar o m\u00f3vel, venda-se o im\u00f3vel.<\/p>\n<p style=\"padding-left: 30px;\">Unde al non fa\u00e7ades etc&#8230;<\/p>\n","protected":false},"excerpt":{"rendered":"<p>Formul\u00e1rios\u00a0sobre as apela\u00e7\u00f5es de senten\u00e7a \u00e0 &#8220;casa del-rei&#8221;, no caso de a senten\u00e7a de primeira inst\u00e2ncia ser v\u00e1lida e se considerar que o recorrente apelou mal, n\u00e3o comparecendo a ju\u00edzo a parte recorrida\/apelada. (1) (Formul\u00e1rio da carta do sobrejuiz dirigida &hellip; <a href=\"https:\/\/www.ulusiada.pt\/clima\/ius-proprium-costumes-e-estilos-da-corte\/codigo-de-processo-1248-1279\/formularios-das-apelacoes-3\/\">Continuar a ler <span class=\"meta-nav\">&rarr;<\/span><\/a><\/p>\n","protected":false},"author":1,"featured_media":0,"parent":4182,"menu_order":0,"comment_status":"closed","ping_status":"open","template":"lei-page.php","meta":[],"acf":[],"_links":{"self":[{"href":"https:\/\/www.ulusiada.pt\/clima\/wp-json\/wp\/v2\/pages\/3728"}],"collection":[{"href":"https:\/\/www.ulusiada.pt\/clima\/wp-json\/wp\/v2\/pages"}],"about":[{"href":"https:\/\/www.ulusiada.pt\/clima\/wp-json\/wp\/v2\/types\/page"}],"author":[{"embeddable":true,"href":"https:\/\/www.ulusiada.pt\/clima\/wp-json\/wp\/v2\/users\/1"}],"replies":[{"embeddable":true,"href":"https:\/\/www.ulusiada.pt\/clima\/wp-json\/wp\/v2\/comments?post=3728"}],"version-history":[{"count":9,"href":"https:\/\/www.ulusiada.pt\/clima\/wp-json\/wp\/v2\/pages\/3728\/revisions"}],"predecessor-version":[{"id":3730,"href":"https:\/\/www.ulusiada.pt\/clima\/wp-json\/wp\/v2\/pages\/3728\/revisions\/3730"}],"up":[{"embeddable":true,"href":"https:\/\/www.ulusiada.pt\/clima\/wp-json\/wp\/v2\/pages\/4182"}],"wp:attachment":[{"href":"https:\/\/www.ulusiada.pt\/clima\/wp-json\/wp\/v2\/media?parent=3728"}],"curies":[{"name":"wp","href":"https:\/\/api.w.org\/{rel}","templated":true}]}}