{"id":3731,"date":"2013-08-05T10:22:04","date_gmt":"2013-08-05T10:22:04","guid":{"rendered":"http:\/\/www.ulusiada.pt\/clima\/?page_id=3731"},"modified":"2013-09-11T18:33:31","modified_gmt":"2013-09-11T18:33:31","slug":"lei-das-apelacoes-6","status":"publish","type":"page","link":"https:\/\/www.ulusiada.pt\/clima\/ius-proprium-costumes-e-estilos-da-corte\/codigo-de-processo-1248-1279\/lei-das-apelacoes-6\/","title":{"rendered":"Lei das apela\u00e7\u00f5es"},"content":{"rendered":"<p>Lei com v\u00e1rias disposi\u00e7\u00f5es sobre apela\u00e7\u00f5es que v\u00e3o \u00e0 &#8220;casa del-rei&#8221;, comparecendo as duas partes.<\/p>\n","protected":false},"excerpt":{"rendered":"<p>Lei com v\u00e1rias disposi\u00e7\u00f5es sobre apela\u00e7\u00f5es que v\u00e3o \u00e0 &#8220;casa del-rei&#8221;, comparecendo as duas partes.<\/p>\n","protected":false},"author":1,"featured_media":0,"parent":4182,"menu_order":0,"comment_status":"closed","ping_status":"open","template":"lei-page.php","meta":[],"acf":[],"_links":{"self":[{"href":"https:\/\/www.ulusiada.pt\/clima\/wp-json\/wp\/v2\/pages\/3731"}],"collection":[{"href":"https:\/\/www.ulusiada.pt\/clima\/wp-json\/wp\/v2\/pages"}],"about":[{"href":"https:\/\/www.ulusiada.pt\/clima\/wp-json\/wp\/v2\/types\/page"}],"author":[{"embeddable":true,"href":"https:\/\/www.ulusiada.pt\/clima\/wp-json\/wp\/v2\/users\/1"}],"replies":[{"embeddable":true,"href":"https:\/\/www.ulusiada.pt\/clima\/wp-json\/wp\/v2\/comments?post=3731"}],"version-history":[{"count":3,"href":"https:\/\/www.ulusiada.pt\/clima\/wp-json\/wp\/v2\/pages\/3731\/revisions"}],"predecessor-version":[{"id":3733,"href":"https:\/\/www.ulusiada.pt\/clima\/wp-json\/wp\/v2\/pages\/3731\/revisions\/3733"}],"up":[{"embeddable":true,"href":"https:\/\/www.ulusiada.pt\/clima\/wp-json\/wp\/v2\/pages\/4182"}],"wp:attachment":[{"href":"https:\/\/www.ulusiada.pt\/clima\/wp-json\/wp\/v2\/media?parent=3731"}],"curies":[{"name":"wp","href":"https:\/\/api.w.org\/{rel}","templated":true}]}}