{"id":3757,"date":"2013-08-05T11:13:42","date_gmt":"2013-08-05T11:13:42","guid":{"rendered":"http:\/\/www.ulusiada.pt\/clima\/?page_id=3757"},"modified":"2013-09-21T19:24:04","modified_gmt":"2013-09-21T19:24:04","slug":"costume-que-revoga-o-codigo","status":"publish","type":"page","link":"https:\/\/www.ulusiada.pt\/clima\/ius-proprium-costumes-e-estilos-da-corte\/tribunal-da-corte\/costume-que-revoga-o-codigo\/","title":{"rendered":"Costume que revoga o C\u00f3digo"},"content":{"rendered":"<p>Costume da Casa de el-rei\u00a0que revoga expressamente uma constitui\u00e7\u00e3o do C\u00f3digo de Justiniano: <em>&#8220;Custume he en casa delRey que aquela constitu\u00e7om do Codigo que diz \u00abunde uy siquys in tantum\u00bb nom seia aguardada&#8221;<\/em>.<\/p>\n","protected":false},"excerpt":{"rendered":"<p>Costume da Casa de el-rei\u00a0que revoga expressamente uma constitui\u00e7\u00e3o do C\u00f3digo de Justiniano: &#8220;Custume he en casa delRey que aquela constitu\u00e7om do Codigo que diz \u00abunde uy siquys in tantum\u00bb nom seia aguardada&#8221;.<\/p>\n","protected":false},"author":1,"featured_media":0,"parent":4184,"menu_order":1,"comment_status":"closed","ping_status":"open","template":"lei-page.php","meta":[],"acf":[],"_links":{"self":[{"href":"https:\/\/www.ulusiada.pt\/clima\/wp-json\/wp\/v2\/pages\/3757"}],"collection":[{"href":"https:\/\/www.ulusiada.pt\/clima\/wp-json\/wp\/v2\/pages"}],"about":[{"href":"https:\/\/www.ulusiada.pt\/clima\/wp-json\/wp\/v2\/types\/page"}],"author":[{"embeddable":true,"href":"https:\/\/www.ulusiada.pt\/clima\/wp-json\/wp\/v2\/users\/1"}],"replies":[{"embeddable":true,"href":"https:\/\/www.ulusiada.pt\/clima\/wp-json\/wp\/v2\/comments?post=3757"}],"version-history":[{"count":5,"href":"https:\/\/www.ulusiada.pt\/clima\/wp-json\/wp\/v2\/pages\/3757\/revisions"}],"predecessor-version":[{"id":3759,"href":"https:\/\/www.ulusiada.pt\/clima\/wp-json\/wp\/v2\/pages\/3757\/revisions\/3759"}],"up":[{"embeddable":true,"href":"https:\/\/www.ulusiada.pt\/clima\/wp-json\/wp\/v2\/pages\/4184"}],"wp:attachment":[{"href":"https:\/\/www.ulusiada.pt\/clima\/wp-json\/wp\/v2\/media?parent=3757"}],"curies":[{"name":"wp","href":"https:\/\/api.w.org\/{rel}","templated":true}]}}