{"id":3791,"date":"2013-08-05T13:42:42","date_gmt":"2013-08-05T13:42:42","guid":{"rendered":"http:\/\/www.ulusiada.pt\/clima\/?page_id=3791"},"modified":"2013-08-12T16:53:37","modified_gmt":"2013-08-12T16:53:37","slug":"lei-da-prisao-por-dividas","status":"publish","type":"page","link":"https:\/\/www.ulusiada.pt\/clima\/ius-proprium-leis-gerais\/d-afonso-iii\/lei-da-prisao-por-dividas\/","title":{"rendered":"Lei da pris\u00e3o por d\u00edvidas"},"content":{"rendered":"<p>Lei que proibe que algu\u00e9m seja preso por d\u00edvida, se tiver com que pagar.<\/p>\n","protected":false},"excerpt":{"rendered":"<p>Lei que proibe que algu\u00e9m seja preso por d\u00edvida, se tiver com que pagar.<\/p>\n","protected":false},"author":1,"featured_media":0,"parent":91,"menu_order":233,"comment_status":"closed","ping_status":"open","template":"lei-page.php","meta":[],"acf":[],"_links":{"self":[{"href":"https:\/\/www.ulusiada.pt\/clima\/wp-json\/wp\/v2\/pages\/3791"}],"collection":[{"href":"https:\/\/www.ulusiada.pt\/clima\/wp-json\/wp\/v2\/pages"}],"about":[{"href":"https:\/\/www.ulusiada.pt\/clima\/wp-json\/wp\/v2\/types\/page"}],"author":[{"embeddable":true,"href":"https:\/\/www.ulusiada.pt\/clima\/wp-json\/wp\/v2\/users\/1"}],"replies":[{"embeddable":true,"href":"https:\/\/www.ulusiada.pt\/clima\/wp-json\/wp\/v2\/comments?post=3791"}],"version-history":[{"count":4,"href":"https:\/\/www.ulusiada.pt\/clima\/wp-json\/wp\/v2\/pages\/3791\/revisions"}],"predecessor-version":[{"id":3793,"href":"https:\/\/www.ulusiada.pt\/clima\/wp-json\/wp\/v2\/pages\/3791\/revisions\/3793"}],"up":[{"embeddable":true,"href":"https:\/\/www.ulusiada.pt\/clima\/wp-json\/wp\/v2\/pages\/91"}],"wp:attachment":[{"href":"https:\/\/www.ulusiada.pt\/clima\/wp-json\/wp\/v2\/media?parent=3791"}],"curies":[{"name":"wp","href":"https:\/\/api.w.org\/{rel}","templated":true}]}}