{"id":381,"date":"2012-04-01T12:13:40","date_gmt":"2012-04-01T12:13:40","guid":{"rendered":"http:\/\/www.ulusiada.pt\/clima\/?page_id=381"},"modified":"2012-05-02T17:37:02","modified_gmt":"2012-05-02T17:37:02","slug":"lei-do-pao-regio","status":"publish","type":"page","link":"https:\/\/www.ulusiada.pt\/clima\/ius-proprium-leis-gerais\/d-afonso-ii\/lei-do-pao-regio\/","title":{"rendered":"Lei do p\u00e3o r\u00e9gio"},"content":{"rendered":"<p>Que o oven\u00e7al ou servi\u00e7al de el-rei n\u00e3o empreste, n\u00e3o escambe, nem negoceie com o devedor o p\u00e3o r\u00e9gio, sem o seu mandato. Os prevaricadores seriam a\u00e7outados por toda a vila e obrigados a pagar o redobro do dano provocado.<\/p>\n","protected":false},"excerpt":{"rendered":"<p>Que o oven\u00e7al ou servi\u00e7al de el-rei n\u00e3o empreste, n\u00e3o escambe, nem negoceie com o devedor o p\u00e3o r\u00e9gio, sem o seu mandato. Os prevaricadores seriam a\u00e7outados por toda a vila e obrigados a pagar o redobro do dano provocado.<\/p>\n","protected":false},"author":1,"featured_media":0,"parent":78,"menu_order":25,"comment_status":"closed","ping_status":"open","template":"lei-page.php","meta":[],"acf":[],"_links":{"self":[{"href":"https:\/\/www.ulusiada.pt\/clima\/wp-json\/wp\/v2\/pages\/381"}],"collection":[{"href":"https:\/\/www.ulusiada.pt\/clima\/wp-json\/wp\/v2\/pages"}],"about":[{"href":"https:\/\/www.ulusiada.pt\/clima\/wp-json\/wp\/v2\/types\/page"}],"author":[{"embeddable":true,"href":"https:\/\/www.ulusiada.pt\/clima\/wp-json\/wp\/v2\/users\/1"}],"replies":[{"embeddable":true,"href":"https:\/\/www.ulusiada.pt\/clima\/wp-json\/wp\/v2\/comments?post=381"}],"version-history":[{"count":2,"href":"https:\/\/www.ulusiada.pt\/clima\/wp-json\/wp\/v2\/pages\/381\/revisions"}],"predecessor-version":[{"id":1137,"href":"https:\/\/www.ulusiada.pt\/clima\/wp-json\/wp\/v2\/pages\/381\/revisions\/1137"}],"up":[{"embeddable":true,"href":"https:\/\/www.ulusiada.pt\/clima\/wp-json\/wp\/v2\/pages\/78"}],"wp:attachment":[{"href":"https:\/\/www.ulusiada.pt\/clima\/wp-json\/wp\/v2\/media?parent=381"}],"curies":[{"name":"wp","href":"https:\/\/api.w.org\/{rel}","templated":true}]}}