{"id":387,"date":"2012-04-01T12:24:58","date_gmt":"2012-04-01T12:24:58","guid":{"rendered":"http:\/\/www.ulusiada.pt\/clima\/?page_id=387"},"modified":"2012-05-02T17:38:47","modified_gmt":"2012-05-02T17:38:47","slug":"lei-abusos-dos-cavaleiros","status":"publish","type":"page","link":"https:\/\/www.ulusiada.pt\/clima\/ius-proprium-leis-gerais\/d-afonso-ii\/lei-abusos-dos-cavaleiros\/","title":{"rendered":"Lei abusos dos cavaleiros"},"content":{"rendered":"<p>Lei sobre certos abusos praticados por cavaleiros, para que n\u00e3o tomem o alheio sem ordem da justi\u00e7a ou de homens bons, pagando primeiro o respectivo pre\u00e7o. Em caso de incumprimento, o infractor, pela primeira vez, pagaria a coisa em dobro e quinhentos soldos ao rei e, pela segunda vez, perderia a terra que tivesse de el-rei, ficando metade dos direitos da\u00ed resultantes para o lesado e a outra metade para o rei.<\/p>\n","protected":false},"excerpt":{"rendered":"<p>Lei sobre certos abusos praticados por cavaleiros, para que n\u00e3o tomem o alheio sem ordem da justi\u00e7a ou de homens bons, pagando primeiro o respectivo pre\u00e7o. Em caso de incumprimento, o infractor, pela primeira vez, pagaria a coisa em dobro &hellip; <a href=\"https:\/\/www.ulusiada.pt\/clima\/ius-proprium-leis-gerais\/d-afonso-ii\/lei-abusos-dos-cavaleiros\/\">Continuar a ler <span class=\"meta-nav\">&rarr;<\/span><\/a><\/p>\n","protected":false},"author":1,"featured_media":0,"parent":78,"menu_order":27,"comment_status":"closed","ping_status":"open","template":"lei-page.php","meta":[],"acf":[],"_links":{"self":[{"href":"https:\/\/www.ulusiada.pt\/clima\/wp-json\/wp\/v2\/pages\/387"}],"collection":[{"href":"https:\/\/www.ulusiada.pt\/clima\/wp-json\/wp\/v2\/pages"}],"about":[{"href":"https:\/\/www.ulusiada.pt\/clima\/wp-json\/wp\/v2\/types\/page"}],"author":[{"embeddable":true,"href":"https:\/\/www.ulusiada.pt\/clima\/wp-json\/wp\/v2\/users\/1"}],"replies":[{"embeddable":true,"href":"https:\/\/www.ulusiada.pt\/clima\/wp-json\/wp\/v2\/comments?post=387"}],"version-history":[{"count":2,"href":"https:\/\/www.ulusiada.pt\/clima\/wp-json\/wp\/v2\/pages\/387\/revisions"}],"predecessor-version":[{"id":1141,"href":"https:\/\/www.ulusiada.pt\/clima\/wp-json\/wp\/v2\/pages\/387\/revisions\/1141"}],"up":[{"embeddable":true,"href":"https:\/\/www.ulusiada.pt\/clima\/wp-json\/wp\/v2\/pages\/78"}],"wp:attachment":[{"href":"https:\/\/www.ulusiada.pt\/clima\/wp-json\/wp\/v2\/media?parent=387"}],"curies":[{"name":"wp","href":"https:\/\/api.w.org\/{rel}","templated":true}]}}