{"id":390,"date":"2012-04-01T12:31:11","date_gmt":"2012-04-01T12:31:11","guid":{"rendered":"http:\/\/www.ulusiada.pt\/clima\/?page_id=390"},"modified":"2012-05-02T17:39:32","modified_gmt":"2012-05-02T17:39:32","slug":"lei-dos-mouros-e-judeus","status":"publish","type":"page","link":"https:\/\/www.ulusiada.pt\/clima\/ius-proprium-leis-gerais\/d-afonso-ii\/lei-dos-mouros-e-judeus\/","title":{"rendered":"Lei dos mouros e judeus"},"content":{"rendered":"<p>Lei que pro\u00edbe judeus e mouros de serem oven\u00e7ais de el-rei ou ocupar qualquer outro cargo oficial, de modo que os crist\u00e3os se n\u00e3o possam sentir agravados.<\/p>\n","protected":false},"excerpt":{"rendered":"<p>Lei que pro\u00edbe judeus e mouros de serem oven\u00e7ais de el-rei ou ocupar qualquer outro cargo oficial, de modo que os crist\u00e3os se n\u00e3o possam sentir agravados.<\/p>\n","protected":false},"author":1,"featured_media":0,"parent":78,"menu_order":28,"comment_status":"closed","ping_status":"open","template":"lei-page.php","meta":[],"acf":[],"_links":{"self":[{"href":"https:\/\/www.ulusiada.pt\/clima\/wp-json\/wp\/v2\/pages\/390"}],"collection":[{"href":"https:\/\/www.ulusiada.pt\/clima\/wp-json\/wp\/v2\/pages"}],"about":[{"href":"https:\/\/www.ulusiada.pt\/clima\/wp-json\/wp\/v2\/types\/page"}],"author":[{"embeddable":true,"href":"https:\/\/www.ulusiada.pt\/clima\/wp-json\/wp\/v2\/users\/1"}],"replies":[{"embeddable":true,"href":"https:\/\/www.ulusiada.pt\/clima\/wp-json\/wp\/v2\/comments?post=390"}],"version-history":[{"count":2,"href":"https:\/\/www.ulusiada.pt\/clima\/wp-json\/wp\/v2\/pages\/390\/revisions"}],"predecessor-version":[{"id":1143,"href":"https:\/\/www.ulusiada.pt\/clima\/wp-json\/wp\/v2\/pages\/390\/revisions\/1143"}],"up":[{"embeddable":true,"href":"https:\/\/www.ulusiada.pt\/clima\/wp-json\/wp\/v2\/pages\/78"}],"wp:attachment":[{"href":"https:\/\/www.ulusiada.pt\/clima\/wp-json\/wp\/v2\/media?parent=390"}],"curies":[{"name":"wp","href":"https:\/\/api.w.org\/{rel}","templated":true}]}}