{"id":4,"date":"2012-02-10T17:39:33","date_gmt":"2012-02-10T17:39:33","guid":{"rendered":"http:\/\/www.ulusiada.pt\/clima\/?page_id=4"},"modified":"2023-03-06T15:45:57","modified_gmt":"2023-03-06T15:45:57","slug":"equipa","status":"publish","type":"page","link":"https:\/\/www.ulusiada.pt\/clima\/equipa\/","title":{"rendered":"EQUIPA"},"content":{"rendered":"<h2>Coordena\u00e7\u00e3o<\/h2>\n<p style=\"padding-left: 30px;\"><strong>Prof. Doutor Jos\u00e9 Domingues<\/strong><br \/>\n(Universidade Lus\u00edada | Porto; CEJEA)<\/p>\n<p><strong>\u00a0 \u00a0 \u00a0 \u00a0Prof. Doutor Vital Moreira<br \/>\n<\/strong>\u00a0 \u00a0 \u00a0 (Universidade de Coimbra; Universidade Lus\u00edada | Porto; CEJEA)<\/p>\n<h2>Colaboradores<\/h2>\n<p style=\"padding-left: 30px;\"><strong>Dr.\u00a0Pedro Pinto<\/strong><br \/>\n(Universidade Nova de Lisboa)<\/p>\n<h2>Comentadores<\/h2>\n","protected":false},"excerpt":{"rendered":"<p>Coordena\u00e7\u00e3o Prof. Doutor Jos\u00e9 Domingues (Universidade Lus\u00edada | Porto; CEJEA) \u00a0 \u00a0 \u00a0 \u00a0Prof. Doutor Vital Moreira \u00a0 \u00a0 \u00a0 (Universidade de Coimbra; Universidade Lus\u00edada | Porto; CEJEA) Colaboradores Dr.\u00a0Pedro Pinto (Universidade Nova de Lisboa) Comentadores<\/p>\n","protected":false},"author":1,"featured_media":55,"parent":0,"menu_order":31,"comment_status":"closed","ping_status":"closed","template":"sidebar-page.php","meta":[],"acf":[],"_links":{"self":[{"href":"https:\/\/www.ulusiada.pt\/clima\/wp-json\/wp\/v2\/pages\/4"}],"collection":[{"href":"https:\/\/www.ulusiada.pt\/clima\/wp-json\/wp\/v2\/pages"}],"about":[{"href":"https:\/\/www.ulusiada.pt\/clima\/wp-json\/wp\/v2\/types\/page"}],"author":[{"embeddable":true,"href":"https:\/\/www.ulusiada.pt\/clima\/wp-json\/wp\/v2\/users\/1"}],"replies":[{"embeddable":true,"href":"https:\/\/www.ulusiada.pt\/clima\/wp-json\/wp\/v2\/comments?post=4"}],"version-history":[{"count":11,"href":"https:\/\/www.ulusiada.pt\/clima\/wp-json\/wp\/v2\/pages\/4\/revisions"}],"predecessor-version":[{"id":4753,"href":"https:\/\/www.ulusiada.pt\/clima\/wp-json\/wp\/v2\/pages\/4\/revisions\/4753"}],"wp:featuredmedia":[{"embeddable":true,"href":"https:\/\/www.ulusiada.pt\/clima\/wp-json\/wp\/v2\/media\/55"}],"wp:attachment":[{"href":"https:\/\/www.ulusiada.pt\/clima\/wp-json\/wp\/v2\/media?parent=4"}],"curies":[{"name":"wp","href":"https:\/\/api.w.org\/{rel}","templated":true}]}}