{"id":4367,"date":"2014-01-05T10:26:04","date_gmt":"2014-01-05T10:26:04","guid":{"rendered":"http:\/\/www.ulusiada.pt\/clima\/?page_id=4367"},"modified":"2014-02-03T10:47:08","modified_gmt":"2014-02-03T10:47:08","slug":"lei-de-revogacao-das-doacoes","status":"publish","type":"page","link":"https:\/\/www.ulusiada.pt\/clima\/ius-proprium-leis-gerais\/d-dinis\/lei-de-revogacao-das-doacoes\/","title":{"rendered":"Lei de revoga\u00e7\u00e3o das doa\u00e7\u00f5es"},"content":{"rendered":"<p>D. Dinis revogou todas as doa\u00e7\u00f5es feitas desde o in\u00edcio do seu reinado at\u00e9 \u00e0 promulga\u00e7\u00e3o desta lei.<\/p>\n","protected":false},"excerpt":{"rendered":"<p>D. Dinis revogou todas as doa\u00e7\u00f5es feitas desde o in\u00edcio do seu reinado at\u00e9 \u00e0 promulga\u00e7\u00e3o desta lei.<\/p>\n","protected":false},"author":1,"featured_media":0,"parent":94,"menu_order":6,"comment_status":"closed","ping_status":"open","template":"lei-page.php","meta":[],"acf":[],"_links":{"self":[{"href":"https:\/\/www.ulusiada.pt\/clima\/wp-json\/wp\/v2\/pages\/4367"}],"collection":[{"href":"https:\/\/www.ulusiada.pt\/clima\/wp-json\/wp\/v2\/pages"}],"about":[{"href":"https:\/\/www.ulusiada.pt\/clima\/wp-json\/wp\/v2\/types\/page"}],"author":[{"embeddable":true,"href":"https:\/\/www.ulusiada.pt\/clima\/wp-json\/wp\/v2\/users\/1"}],"replies":[{"embeddable":true,"href":"https:\/\/www.ulusiada.pt\/clima\/wp-json\/wp\/v2\/comments?post=4367"}],"version-history":[{"count":8,"href":"https:\/\/www.ulusiada.pt\/clima\/wp-json\/wp\/v2\/pages\/4367\/revisions"}],"predecessor-version":[{"id":4369,"href":"https:\/\/www.ulusiada.pt\/clima\/wp-json\/wp\/v2\/pages\/4367\/revisions\/4369"}],"up":[{"embeddable":true,"href":"https:\/\/www.ulusiada.pt\/clima\/wp-json\/wp\/v2\/pages\/94"}],"wp:attachment":[{"href":"https:\/\/www.ulusiada.pt\/clima\/wp-json\/wp\/v2\/media?parent=4367"}],"curies":[{"name":"wp","href":"https:\/\/api.w.org\/{rel}","templated":true}]}}