{"id":4548,"date":"2014-06-26T10:20:00","date_gmt":"2014-06-26T10:20:00","guid":{"rendered":"http:\/\/www.ulusiada.pt\/clima\/?page_id=4548"},"modified":"2014-06-26T13:55:43","modified_gmt":"2014-06-26T13:55:43","slug":"foro-de-garvao","status":"publish","type":"page","link":"https:\/\/www.ulusiada.pt\/clima\/ius-proprium-local\/forosextensos\/foro-de-garvao\/","title":{"rendered":"Foro de Garv\u00e3o"},"content":{"rendered":"<p>Foro extenso de Alc\u00e1cer do Sal (que j\u00e1 continha costumes de \u00c9vora, Montemor-o-Novo e Lisboa) comunicado a Garv\u00e3o.<\/p>\n","protected":false},"excerpt":{"rendered":"<p>Foro extenso de Alc\u00e1cer do Sal (que j\u00e1 continha costumes de \u00c9vora, Montemor-o-Novo e Lisboa) comunicado a Garv\u00e3o.<\/p>\n","protected":false},"author":1,"featured_media":0,"parent":2554,"menu_order":0,"comment_status":"closed","ping_status":"open","template":"lei-page.php","meta":[],"acf":[],"_links":{"self":[{"href":"https:\/\/www.ulusiada.pt\/clima\/wp-json\/wp\/v2\/pages\/4548"}],"collection":[{"href":"https:\/\/www.ulusiada.pt\/clima\/wp-json\/wp\/v2\/pages"}],"about":[{"href":"https:\/\/www.ulusiada.pt\/clima\/wp-json\/wp\/v2\/types\/page"}],"author":[{"embeddable":true,"href":"https:\/\/www.ulusiada.pt\/clima\/wp-json\/wp\/v2\/users\/1"}],"replies":[{"embeddable":true,"href":"https:\/\/www.ulusiada.pt\/clima\/wp-json\/wp\/v2\/comments?post=4548"}],"version-history":[{"count":3,"href":"https:\/\/www.ulusiada.pt\/clima\/wp-json\/wp\/v2\/pages\/4548\/revisions"}],"predecessor-version":[{"id":4551,"href":"https:\/\/www.ulusiada.pt\/clima\/wp-json\/wp\/v2\/pages\/4548\/revisions\/4551"}],"up":[{"embeddable":true,"href":"https:\/\/www.ulusiada.pt\/clima\/wp-json\/wp\/v2\/pages\/2554"}],"wp:attachment":[{"href":"https:\/\/www.ulusiada.pt\/clima\/wp-json\/wp\/v2\/media?parent=4548"}],"curies":[{"name":"wp","href":"https:\/\/api.w.org\/{rel}","templated":true}]}}