{"id":4557,"date":"2014-06-26T14:12:01","date_gmt":"2014-06-26T14:12:01","guid":{"rendered":"http:\/\/www.ulusiada.pt\/clima\/?page_id=4557"},"modified":"2014-06-26T14:14:04","modified_gmt":"2014-06-26T14:14:04","slug":"foro-de-alcacovas","status":"publish","type":"page","link":"https:\/\/www.ulusiada.pt\/clima\/ius-proprium-local\/forosextensos\/foro-de-alcacovas\/","title":{"rendered":"Foro de Alc\u00e1\u00e7ovas"},"content":{"rendered":"<p>Foro extenso de \u00c9vora comunicado a Alc\u00e1\u00e7ovas.<\/p>\n","protected":false},"excerpt":{"rendered":"<p>Foro extenso de \u00c9vora comunicado a Alc\u00e1\u00e7ovas.<\/p>\n","protected":false},"author":1,"featured_media":0,"parent":2554,"menu_order":0,"comment_status":"closed","ping_status":"open","template":"lei-page.php","meta":[],"acf":[],"_links":{"self":[{"href":"https:\/\/www.ulusiada.pt\/clima\/wp-json\/wp\/v2\/pages\/4557"}],"collection":[{"href":"https:\/\/www.ulusiada.pt\/clima\/wp-json\/wp\/v2\/pages"}],"about":[{"href":"https:\/\/www.ulusiada.pt\/clima\/wp-json\/wp\/v2\/types\/page"}],"author":[{"embeddable":true,"href":"https:\/\/www.ulusiada.pt\/clima\/wp-json\/wp\/v2\/users\/1"}],"replies":[{"embeddable":true,"href":"https:\/\/www.ulusiada.pt\/clima\/wp-json\/wp\/v2\/comments?post=4557"}],"version-history":[{"count":3,"href":"https:\/\/www.ulusiada.pt\/clima\/wp-json\/wp\/v2\/pages\/4557\/revisions"}],"predecessor-version":[{"id":4561,"href":"https:\/\/www.ulusiada.pt\/clima\/wp-json\/wp\/v2\/pages\/4557\/revisions\/4561"}],"up":[{"embeddable":true,"href":"https:\/\/www.ulusiada.pt\/clima\/wp-json\/wp\/v2\/pages\/2554"}],"wp:attachment":[{"href":"https:\/\/www.ulusiada.pt\/clima\/wp-json\/wp\/v2\/media?parent=4557"}],"curies":[{"name":"wp","href":"https:\/\/api.w.org\/{rel}","templated":true}]}}