{"id":4582,"date":"2014-06-26T14:53:10","date_gmt":"2014-06-26T14:53:10","guid":{"rendered":"http:\/\/www.ulusiada.pt\/clima\/?page_id=4582"},"modified":"2014-06-26T14:57:28","modified_gmt":"2014-06-26T14:57:28","slug":"foro-de-vila-nova-de-alvito-2","status":"publish","type":"page","link":"https:\/\/www.ulusiada.pt\/clima\/ius-proprium-local\/forosextensos\/foro-de-vila-nova-de-alvito-2\/","title":{"rendered":"Foro de Vila Nova de Alvito"},"content":{"rendered":"<p>Foro extenso de Santar\u00e9m comunicado a Vila Nova de Alvito (actual Vila Nova da Baronia), em c\u00f3dice copiado em meados do s\u00e9culo XIV [1340-1360].<\/p>\n","protected":false},"excerpt":{"rendered":"<p>Foro extenso de Santar\u00e9m comunicado a Vila Nova de Alvito (actual Vila Nova da Baronia), em c\u00f3dice copiado em meados do s\u00e9culo XIV [1340-1360].<\/p>\n","protected":false},"author":1,"featured_media":0,"parent":2554,"menu_order":0,"comment_status":"closed","ping_status":"open","template":"lei-page.php","meta":[],"acf":[],"_links":{"self":[{"href":"https:\/\/www.ulusiada.pt\/clima\/wp-json\/wp\/v2\/pages\/4582"}],"collection":[{"href":"https:\/\/www.ulusiada.pt\/clima\/wp-json\/wp\/v2\/pages"}],"about":[{"href":"https:\/\/www.ulusiada.pt\/clima\/wp-json\/wp\/v2\/types\/page"}],"author":[{"embeddable":true,"href":"https:\/\/www.ulusiada.pt\/clima\/wp-json\/wp\/v2\/users\/1"}],"replies":[{"embeddable":true,"href":"https:\/\/www.ulusiada.pt\/clima\/wp-json\/wp\/v2\/comments?post=4582"}],"version-history":[{"count":3,"href":"https:\/\/www.ulusiada.pt\/clima\/wp-json\/wp\/v2\/pages\/4582\/revisions"}],"predecessor-version":[{"id":4586,"href":"https:\/\/www.ulusiada.pt\/clima\/wp-json\/wp\/v2\/pages\/4582\/revisions\/4586"}],"up":[{"embeddable":true,"href":"https:\/\/www.ulusiada.pt\/clima\/wp-json\/wp\/v2\/pages\/2554"}],"wp:attachment":[{"href":"https:\/\/www.ulusiada.pt\/clima\/wp-json\/wp\/v2\/media?parent=4582"}],"curies":[{"name":"wp","href":"https:\/\/api.w.org\/{rel}","templated":true}]}}