{"id":4587,"date":"2014-06-26T15:12:55","date_gmt":"2014-06-26T15:12:55","guid":{"rendered":"http:\/\/www.ulusiada.pt\/clima\/?page_id=4587"},"modified":"2014-06-26T15:12:55","modified_gmt":"2014-06-26T15:12:55","slug":"foro-de-salvaterra-de-magos","status":"publish","type":"page","link":"https:\/\/www.ulusiada.pt\/clima\/ius-proprium-local\/forosextensos\/foro-de-salvaterra-de-magos\/","title":{"rendered":"Foro de Salvaterra de Magos"},"content":{"rendered":"<p>Foro extenso de Santar\u00e9m sobre a arrecada\u00e7\u00e3o dos direitos e jugadas comunicado a Salvaterra de Magos.<\/p>\n","protected":false},"excerpt":{"rendered":"<p>Foro extenso de Santar\u00e9m sobre a arrecada\u00e7\u00e3o dos direitos e jugadas comunicado a Salvaterra de Magos.<\/p>\n","protected":false},"author":1,"featured_media":0,"parent":2554,"menu_order":0,"comment_status":"closed","ping_status":"open","template":"lei-page.php","meta":[],"acf":[],"_links":{"self":[{"href":"https:\/\/www.ulusiada.pt\/clima\/wp-json\/wp\/v2\/pages\/4587"}],"collection":[{"href":"https:\/\/www.ulusiada.pt\/clima\/wp-json\/wp\/v2\/pages"}],"about":[{"href":"https:\/\/www.ulusiada.pt\/clima\/wp-json\/wp\/v2\/types\/page"}],"author":[{"embeddable":true,"href":"https:\/\/www.ulusiada.pt\/clima\/wp-json\/wp\/v2\/users\/1"}],"replies":[{"embeddable":true,"href":"https:\/\/www.ulusiada.pt\/clima\/wp-json\/wp\/v2\/comments?post=4587"}],"version-history":[{"count":2,"href":"https:\/\/www.ulusiada.pt\/clima\/wp-json\/wp\/v2\/pages\/4587\/revisions"}],"predecessor-version":[{"id":4589,"href":"https:\/\/www.ulusiada.pt\/clima\/wp-json\/wp\/v2\/pages\/4587\/revisions\/4589"}],"up":[{"embeddable":true,"href":"https:\/\/www.ulusiada.pt\/clima\/wp-json\/wp\/v2\/pages\/2554"}],"wp:attachment":[{"href":"https:\/\/www.ulusiada.pt\/clima\/wp-json\/wp\/v2\/media?parent=4587"}],"curies":[{"name":"wp","href":"https:\/\/api.w.org\/{rel}","templated":true}]}}