{"id":4608,"date":"2014-06-30T18:02:20","date_gmt":"2014-06-30T18:02:20","guid":{"rendered":"http:\/\/www.ulusiada.pt\/clima\/?page_id=4608"},"modified":"2014-06-30T18:02:20","modified_gmt":"2014-06-30T18:02:20","slug":"foro-de-sao-martinho-de-mouros","status":"publish","type":"page","link":"https:\/\/www.ulusiada.pt\/clima\/ius-proprium-local\/forosextensos\/foro-de-sao-martinho-de-mouros\/","title":{"rendered":"Foro de S\u00e3o Martinho de Mouros"},"content":{"rendered":"<p>Foro extenso de S\u00e3o Martinho de Mouros, que resulta da interven\u00e7\u00e3o do corregedor no meirinhado da Beira, Afonso Eanes.<\/p>\n","protected":false},"excerpt":{"rendered":"<p>Foro extenso de S\u00e3o Martinho de Mouros, que resulta da interven\u00e7\u00e3o do corregedor no meirinhado da Beira, Afonso Eanes.<\/p>\n","protected":false},"author":1,"featured_media":0,"parent":2554,"menu_order":0,"comment_status":"closed","ping_status":"open","template":"lei-page.php","meta":[],"acf":[],"_links":{"self":[{"href":"https:\/\/www.ulusiada.pt\/clima\/wp-json\/wp\/v2\/pages\/4608"}],"collection":[{"href":"https:\/\/www.ulusiada.pt\/clima\/wp-json\/wp\/v2\/pages"}],"about":[{"href":"https:\/\/www.ulusiada.pt\/clima\/wp-json\/wp\/v2\/types\/page"}],"author":[{"embeddable":true,"href":"https:\/\/www.ulusiada.pt\/clima\/wp-json\/wp\/v2\/users\/1"}],"replies":[{"embeddable":true,"href":"https:\/\/www.ulusiada.pt\/clima\/wp-json\/wp\/v2\/comments?post=4608"}],"version-history":[{"count":2,"href":"https:\/\/www.ulusiada.pt\/clima\/wp-json\/wp\/v2\/pages\/4608\/revisions"}],"predecessor-version":[{"id":4610,"href":"https:\/\/www.ulusiada.pt\/clima\/wp-json\/wp\/v2\/pages\/4608\/revisions\/4610"}],"up":[{"embeddable":true,"href":"https:\/\/www.ulusiada.pt\/clima\/wp-json\/wp\/v2\/pages\/2554"}],"wp:attachment":[{"href":"https:\/\/www.ulusiada.pt\/clima\/wp-json\/wp\/v2\/media?parent=4608"}],"curies":[{"name":"wp","href":"https:\/\/api.w.org\/{rel}","templated":true}]}}