{"id":4690,"date":"2015-07-11T14:05:34","date_gmt":"2015-07-11T14:05:34","guid":{"rendered":"http:\/\/www.ulusiada.pt\/clima\/?page_id=4690"},"modified":"2015-07-11T14:20:18","modified_gmt":"2015-07-11T14:20:18","slug":"lei-dos-vereadores-2","status":"publish","type":"page","link":"https:\/\/www.ulusiada.pt\/clima\/ius-proprium-leis-gerais\/d-afonso-iv\/lei-dos-vereadores-2\/","title":{"rendered":"Lei dos Vereadores"},"content":{"rendered":"<p style=\"text-align: justify;\">O alcaide do castelo do Sabugal e vassalo de el-rei, Jo\u00e3o Monteiro, nomeia quatro homens bons para o regimento da vila de Manteigas (Francisco Eanes, Louren\u00e7o Eanes, Jo\u00e3o Antoninho e Tim\u00f3teo Bartolomeu), dando cumprimento \u00e0 ordena\u00e7\u00e3o de el-rei, que\u00a0fez ler e publicar\u00a0e deu em documento selado com o seu selo (que ainda se preserva) ao dito concelho de Manteigas .<\/p>\n","protected":false},"excerpt":{"rendered":"<p>O alcaide do castelo do Sabugal e vassalo de el-rei, Jo\u00e3o Monteiro, nomeia quatro homens bons para o regimento da vila de Manteigas (Francisco Eanes, Louren\u00e7o Eanes, Jo\u00e3o Antoninho e Tim\u00f3teo Bartolomeu), dando cumprimento \u00e0 ordena\u00e7\u00e3o de el-rei, que\u00a0fez ler &hellip; <a href=\"https:\/\/www.ulusiada.pt\/clima\/ius-proprium-leis-gerais\/d-afonso-iv\/lei-dos-vereadores-2\/\">Continuar a ler <span class=\"meta-nav\">&rarr;<\/span><\/a><\/p>\n","protected":false},"author":1,"featured_media":0,"parent":99,"menu_order":31,"comment_status":"closed","ping_status":"open","template":"lei-page.php","meta":[],"acf":[],"_links":{"self":[{"href":"https:\/\/www.ulusiada.pt\/clima\/wp-json\/wp\/v2\/pages\/4690"}],"collection":[{"href":"https:\/\/www.ulusiada.pt\/clima\/wp-json\/wp\/v2\/pages"}],"about":[{"href":"https:\/\/www.ulusiada.pt\/clima\/wp-json\/wp\/v2\/types\/page"}],"author":[{"embeddable":true,"href":"https:\/\/www.ulusiada.pt\/clima\/wp-json\/wp\/v2\/users\/1"}],"replies":[{"embeddable":true,"href":"https:\/\/www.ulusiada.pt\/clima\/wp-json\/wp\/v2\/comments?post=4690"}],"version-history":[{"count":5,"href":"https:\/\/www.ulusiada.pt\/clima\/wp-json\/wp\/v2\/pages\/4690\/revisions"}],"predecessor-version":[{"id":4695,"href":"https:\/\/www.ulusiada.pt\/clima\/wp-json\/wp\/v2\/pages\/4690\/revisions\/4695"}],"up":[{"embeddable":true,"href":"https:\/\/www.ulusiada.pt\/clima\/wp-json\/wp\/v2\/pages\/99"}],"wp:attachment":[{"href":"https:\/\/www.ulusiada.pt\/clima\/wp-json\/wp\/v2\/media?parent=4690"}],"curies":[{"name":"wp","href":"https:\/\/api.w.org\/{rel}","templated":true}]}}