{"id":484,"date":"2012-04-02T17:36:39","date_gmt":"2012-04-02T17:36:39","guid":{"rendered":"http:\/\/www.ulusiada.pt\/clima\/?page_id=484"},"modified":"2012-04-23T11:26:17","modified_gmt":"2012-04-23T11:26:17","slug":"lei-das-gales","status":"publish","type":"page","link":"https:\/\/www.ulusiada.pt\/clima\/ius-proprium-leis-gerais\/d-fernando\/lei-das-gales\/","title":{"rendered":"Lei das gal\u00e9s"},"content":{"rendered":"<p>Ordena\u00e7\u00e3o sobre o recrutamento da armada das gal\u00e9s.<\/p>\n","protected":false},"excerpt":{"rendered":"<p>Ordena\u00e7\u00e3o sobre o recrutamento da armada das gal\u00e9s.<\/p>\n","protected":false},"author":1,"featured_media":0,"parent":105,"menu_order":1,"comment_status":"closed","ping_status":"open","template":"lei-page.php","meta":[],"acf":[],"_links":{"self":[{"href":"https:\/\/www.ulusiada.pt\/clima\/wp-json\/wp\/v2\/pages\/484"}],"collection":[{"href":"https:\/\/www.ulusiada.pt\/clima\/wp-json\/wp\/v2\/pages"}],"about":[{"href":"https:\/\/www.ulusiada.pt\/clima\/wp-json\/wp\/v2\/types\/page"}],"author":[{"embeddable":true,"href":"https:\/\/www.ulusiada.pt\/clima\/wp-json\/wp\/v2\/users\/1"}],"replies":[{"embeddable":true,"href":"https:\/\/www.ulusiada.pt\/clima\/wp-json\/wp\/v2\/comments?post=484"}],"version-history":[{"count":10,"href":"https:\/\/www.ulusiada.pt\/clima\/wp-json\/wp\/v2\/pages\/484\/revisions"}],"predecessor-version":[{"id":691,"href":"https:\/\/www.ulusiada.pt\/clima\/wp-json\/wp\/v2\/pages\/484\/revisions\/691"}],"up":[{"embeddable":true,"href":"https:\/\/www.ulusiada.pt\/clima\/wp-json\/wp\/v2\/pages\/105"}],"wp:attachment":[{"href":"https:\/\/www.ulusiada.pt\/clima\/wp-json\/wp\/v2\/media?parent=484"}],"curies":[{"name":"wp","href":"https:\/\/api.w.org\/{rel}","templated":true}]}}