{"id":489,"date":"2012-04-02T18:56:42","date_gmt":"2012-04-02T18:56:42","guid":{"rendered":"http:\/\/www.ulusiada.pt\/clima\/?page_id=489"},"modified":"2014-04-01T10:55:06","modified_gmt":"2014-04-01T10:55:06","slug":"lei-dos-excomungados","status":"publish","type":"page","link":"https:\/\/www.ulusiada.pt\/clima\/ius-proprium-leis-gerais\/d-fernando\/lei-dos-excomungados\/","title":{"rendered":"Lei dos excomungados"},"content":{"rendered":"<p>Ordena\u00e7\u00e3o que regulamenta alguns aspectos do apoio do bra\u00e7o sagrado de el-rei contra os que s\u00e3o excomungados, nos casos de jurisdi\u00e7\u00e3o eclesi\u00e1stica. <em>(i)<\/em> Fixa prazo de nove dias para os que incorrem nessa pena can\u00f3nica se absolverem. Caso contr\u00e1rio, <em>(ii)<\/em> sejam presos e n\u00e3o sejam soltos at\u00e9 que se absolvam e paguem a pena fixada. <em>(iii)<\/em> Por cada nove dias que andarem excomungados paguem tr\u00eas libras portuguesas. Os dinheiros da\u00ed resultantes s\u00e3o divididos em tr\u00eas partes: <em>(a)<\/em> uma ter\u00e7a parte vai para a f\u00e1brica da igreja catedral do bispado em que a senten\u00e7a for dada; <em>(b)<\/em> outra ter\u00e7a parte para o hospital dos meninos engeitados da cidade desse bispado, se n\u00e3o hover hospital seja para os outros hospitais desse bispado e se n\u00e3o houver hospital em todo o bispado seja para criar os meninos engeitados dessa cidade e dos outros lugares do bispado; <em>(c)<\/em> a \u00falima ter\u00e7a parte fica para os cofres de el-rei. <em>(iv)<\/em> O dinheiro destinado aos meninos engeitados ficaria em poder de um homem bom, designado por autoridade e mandado das justi\u00e7as desses lugares. <em>(v)<\/em> Das eventuais d\u00favidas, sobre as excomunh\u00f5es e respectivas penas, que possam resultar desta lei e ordena\u00e7\u00e3o, hajam conhecimento os juizes ordin\u00e1rios das cidades e vilas onde os feitos e demandas se houverem de tratar e desembargar.<\/p>\n","protected":false},"excerpt":{"rendered":"<p>Ordena\u00e7\u00e3o que regulamenta alguns aspectos do apoio do bra\u00e7o sagrado de el-rei contra os que s\u00e3o excomungados, nos casos de jurisdi\u00e7\u00e3o eclesi\u00e1stica. (i) Fixa prazo de nove dias para os que incorrem nessa pena can\u00f3nica se absolverem. Caso contr\u00e1rio, (ii) &hellip; <a href=\"https:\/\/www.ulusiada.pt\/clima\/ius-proprium-leis-gerais\/d-fernando\/lei-dos-excomungados\/\">Continuar a ler <span class=\"meta-nav\">&rarr;<\/span><\/a><\/p>\n","protected":false},"author":1,"featured_media":0,"parent":105,"menu_order":2,"comment_status":"closed","ping_status":"open","template":"lei-page.php","meta":[],"acf":[],"_links":{"self":[{"href":"https:\/\/www.ulusiada.pt\/clima\/wp-json\/wp\/v2\/pages\/489"}],"collection":[{"href":"https:\/\/www.ulusiada.pt\/clima\/wp-json\/wp\/v2\/pages"}],"about":[{"href":"https:\/\/www.ulusiada.pt\/clima\/wp-json\/wp\/v2\/types\/page"}],"author":[{"embeddable":true,"href":"https:\/\/www.ulusiada.pt\/clima\/wp-json\/wp\/v2\/users\/1"}],"replies":[{"embeddable":true,"href":"https:\/\/www.ulusiada.pt\/clima\/wp-json\/wp\/v2\/comments?post=489"}],"version-history":[{"count":21,"href":"https:\/\/www.ulusiada.pt\/clima\/wp-json\/wp\/v2\/pages\/489\/revisions"}],"predecessor-version":[{"id":693,"href":"https:\/\/www.ulusiada.pt\/clima\/wp-json\/wp\/v2\/pages\/489\/revisions\/693"}],"up":[{"embeddable":true,"href":"https:\/\/www.ulusiada.pt\/clima\/wp-json\/wp\/v2\/pages\/105"}],"wp:attachment":[{"href":"https:\/\/www.ulusiada.pt\/clima\/wp-json\/wp\/v2\/media?parent=489"}],"curies":[{"name":"wp","href":"https:\/\/api.w.org\/{rel}","templated":true}]}}