{"id":502,"date":"2012-04-03T18:11:48","date_gmt":"2012-04-03T18:11:48","guid":{"rendered":"http:\/\/www.ulusiada.pt\/clima\/?page_id=502"},"modified":"2012-04-23T11:25:22","modified_gmt":"2012-04-23T11:25:22","slug":"lei-das-rendas-dos-judeus","status":"publish","type":"page","link":"https:\/\/www.ulusiada.pt\/clima\/ius-proprium-leis-gerais\/d-fernando\/lei-das-rendas-dos-judeus\/","title":{"rendered":"Lei das rendas dos judeus"},"content":{"rendered":"<p>Lei que estabelece o procedimento na arrecada\u00e7\u00e3o das rendas do servi\u00e7o real imposto aos judeus.<\/p>\n","protected":false},"excerpt":{"rendered":"<p>Lei que estabelece o procedimento na arrecada\u00e7\u00e3o das rendas do servi\u00e7o real imposto aos judeus.<\/p>\n","protected":false},"author":1,"featured_media":0,"parent":105,"menu_order":3,"comment_status":"closed","ping_status":"open","template":"lei-page.php","meta":[],"acf":[],"_links":{"self":[{"href":"https:\/\/www.ulusiada.pt\/clima\/wp-json\/wp\/v2\/pages\/502"}],"collection":[{"href":"https:\/\/www.ulusiada.pt\/clima\/wp-json\/wp\/v2\/pages"}],"about":[{"href":"https:\/\/www.ulusiada.pt\/clima\/wp-json\/wp\/v2\/types\/page"}],"author":[{"embeddable":true,"href":"https:\/\/www.ulusiada.pt\/clima\/wp-json\/wp\/v2\/users\/1"}],"replies":[{"embeddable":true,"href":"https:\/\/www.ulusiada.pt\/clima\/wp-json\/wp\/v2\/comments?post=502"}],"version-history":[{"count":9,"href":"https:\/\/www.ulusiada.pt\/clima\/wp-json\/wp\/v2\/pages\/502\/revisions"}],"predecessor-version":[{"id":703,"href":"https:\/\/www.ulusiada.pt\/clima\/wp-json\/wp\/v2\/pages\/502\/revisions\/703"}],"up":[{"embeddable":true,"href":"https:\/\/www.ulusiada.pt\/clima\/wp-json\/wp\/v2\/pages\/105"}],"wp:attachment":[{"href":"https:\/\/www.ulusiada.pt\/clima\/wp-json\/wp\/v2\/media?parent=502"}],"curies":[{"name":"wp","href":"https:\/\/api.w.org\/{rel}","templated":true}]}}