{"id":510,"date":"2012-04-04T10:05:02","date_gmt":"2012-04-04T10:05:02","guid":{"rendered":"http:\/\/www.ulusiada.pt\/clima\/?page_id=510"},"modified":"2017-03-21T10:57:12","modified_gmt":"2017-03-21T10:57:12","slug":"lei-das-jurisdicoes","status":"publish","type":"page","link":"https:\/\/www.ulusiada.pt\/clima\/ius-proprium-leis-gerais\/d-fernando\/lei-das-jurisdicoes\/","title":{"rendered":"Lei das jurisdi\u00e7\u00f5es"},"content":{"rendered":"<p>Lei que regulamenta as doa\u00e7\u00f5es feitas por el-rei (D. Fernando)\u00a0aos fidalgos, para evitar os danos e despovoamentos de que se queixavam os homens bons;\u00a0<em>(i)<\/em> algumas jurisdi\u00e7\u00f5es s\u00e3o devolvidas\u00a0aos termos das cidades e vilas a que, anteriormente, pertenciam;\u00a0<em>(ii)<\/em> nas restantes, os fidalgos mant\u00e9m apenas a jurisdi\u00e7\u00e3o c\u00edvel; <em>(iii)<\/em> nas jurisdi\u00e7\u00f5es\u00a0que os fidalgos mant\u00e9m, os moradores elejem dois ju\u00edzes, um para o crime e outro para o c\u00edvel,\u00a0sendo o do c\u00edvel confirmado pelo donat\u00e1rio e o do crime por quem de costume, antes da doa\u00e7\u00e3o;\u00a0<em>(iv)<\/em> nas jurisidi\u00e7\u00f5es devolvidas, os moradores elejem um juiz do c\u00edvel, confirmado por aquele a quem foi feita a doa\u00e7\u00e3o, e as cidades e vilas hajam a jurisdi\u00e7\u00e3o crime, pela guisa que antes das ditas doa\u00e7\u00f5es haviam.<\/p>\n<p>Em geral, <em>(i)<\/em> os fidalgos donat\u00e1rios podem arrecadar as rendas e direitos que o monarca a\u00ed havia antes das doa\u00e7\u00f5es, mas ficam pro\u00edbidos de lan\u00e7ar novos tributos; <em>(ii)<\/em>\u00a0as apela\u00e7\u00f5es do c\u00edvel s\u00e3o feitas perante os donat\u00e1rios e deste para el-rei; <em>(iii)<\/em> as cidades e vilas continuam a nomear almotac\u00e9s e jurados e poder fazer posturas e ordena\u00e7\u00f5es, sem preju\u00edzo dos direitos e rendas dos fidalgos; <em>(iv)<\/em> conserva os tradicionais encargos de an\u00faduva, vela, ronda e fazer e refazer muros e barbac\u00e3s; <em>(v)<\/em> e reserva para o monarca a nomea\u00e7\u00e3o dos tabeli\u00e3es, que\u00a0continuam a exercer o of\u00edcio por el-rei, e o poder de correi\u00e7\u00e3o, para\u00a0que os corregedores possam entrar nesses lugares como nos outros da comarca.<\/p>\n<p>Exceptuam-se, deste arrazoado,\u00a0as doa\u00e7\u00f5es feitas por seu pai (D. Pedro I) e as por ele feitas aos infantes seus irm\u00e3os.<\/p>\n<p>&nbsp;<\/p>\n","protected":false},"excerpt":{"rendered":"<p>Lei que regulamenta as doa\u00e7\u00f5es feitas por el-rei (D. Fernando)\u00a0aos fidalgos, para evitar os danos e despovoamentos de que se queixavam os homens bons;\u00a0(i) algumas jurisdi\u00e7\u00f5es s\u00e3o devolvidas\u00a0aos termos das cidades e vilas a que, anteriormente, pertenciam;\u00a0(ii) nas restantes, os &hellip; <a href=\"https:\/\/www.ulusiada.pt\/clima\/ius-proprium-leis-gerais\/d-fernando\/lei-das-jurisdicoes\/\">Continuar a ler <span class=\"meta-nav\">&rarr;<\/span><\/a><\/p>\n","protected":false},"author":1,"featured_media":0,"parent":105,"menu_order":5,"comment_status":"closed","ping_status":"open","template":"lei-page.php","meta":[],"acf":[],"_links":{"self":[{"href":"https:\/\/www.ulusiada.pt\/clima\/wp-json\/wp\/v2\/pages\/510"}],"collection":[{"href":"https:\/\/www.ulusiada.pt\/clima\/wp-json\/wp\/v2\/pages"}],"about":[{"href":"https:\/\/www.ulusiada.pt\/clima\/wp-json\/wp\/v2\/types\/page"}],"author":[{"embeddable":true,"href":"https:\/\/www.ulusiada.pt\/clima\/wp-json\/wp\/v2\/users\/1"}],"replies":[{"embeddable":true,"href":"https:\/\/www.ulusiada.pt\/clima\/wp-json\/wp\/v2\/comments?post=510"}],"version-history":[{"count":13,"href":"https:\/\/www.ulusiada.pt\/clima\/wp-json\/wp\/v2\/pages\/510\/revisions"}],"predecessor-version":[{"id":4734,"href":"https:\/\/www.ulusiada.pt\/clima\/wp-json\/wp\/v2\/pages\/510\/revisions\/4734"}],"up":[{"embeddable":true,"href":"https:\/\/www.ulusiada.pt\/clima\/wp-json\/wp\/v2\/pages\/105"}],"wp:attachment":[{"href":"https:\/\/www.ulusiada.pt\/clima\/wp-json\/wp\/v2\/media?parent=510"}],"curies":[{"name":"wp","href":"https:\/\/api.w.org\/{rel}","templated":true}]}}