{"id":544,"date":"2012-04-04T14:01:39","date_gmt":"2012-04-04T14:01:39","guid":{"rendered":"http:\/\/www.ulusiada.pt\/clima\/?page_id=544"},"modified":"2012-04-23T11:22:59","modified_gmt":"2012-04-23T11:22:59","slug":"costume-dos-arrendamentos","status":"publish","type":"page","link":"https:\/\/www.ulusiada.pt\/clima\/ius-proprium-leis-gerais\/d-fernando\/costume-dos-arrendamentos\/","title":{"rendered":"Costume dos arrendamentos"},"content":{"rendered":"<p>Costume da C\u00e2mara de Lisboa segundo o qual os donos das casas despediam os seus inquilinos 30 dias antes de findar o arrendamento; faziam penhora pelos alugueres sem figura de ju\u00edzo e ningu\u00e9m podia reter a casa alheia sem licen\u00e7a de seu dono.<\/p>\n","protected":false},"excerpt":{"rendered":"<p>Costume da C\u00e2mara de Lisboa segundo o qual os donos das casas despediam os seus inquilinos 30 dias antes de findar o arrendamento; faziam penhora pelos alugueres sem figura de ju\u00edzo e ningu\u00e9m podia reter a casa alheia sem licen\u00e7a &hellip; <a href=\"https:\/\/www.ulusiada.pt\/clima\/ius-proprium-leis-gerais\/d-fernando\/costume-dos-arrendamentos\/\">Continuar a ler <span class=\"meta-nav\">&rarr;<\/span><\/a><\/p>\n","protected":false},"author":1,"featured_media":0,"parent":105,"menu_order":7,"comment_status":"closed","ping_status":"open","template":"lei-page.php","meta":[],"acf":[],"_links":{"self":[{"href":"https:\/\/www.ulusiada.pt\/clima\/wp-json\/wp\/v2\/pages\/544"}],"collection":[{"href":"https:\/\/www.ulusiada.pt\/clima\/wp-json\/wp\/v2\/pages"}],"about":[{"href":"https:\/\/www.ulusiada.pt\/clima\/wp-json\/wp\/v2\/types\/page"}],"author":[{"embeddable":true,"href":"https:\/\/www.ulusiada.pt\/clima\/wp-json\/wp\/v2\/users\/1"}],"replies":[{"embeddable":true,"href":"https:\/\/www.ulusiada.pt\/clima\/wp-json\/wp\/v2\/comments?post=544"}],"version-history":[{"count":6,"href":"https:\/\/www.ulusiada.pt\/clima\/wp-json\/wp\/v2\/pages\/544\/revisions"}],"predecessor-version":[{"id":546,"href":"https:\/\/www.ulusiada.pt\/clima\/wp-json\/wp\/v2\/pages\/544\/revisions\/546"}],"up":[{"embeddable":true,"href":"https:\/\/www.ulusiada.pt\/clima\/wp-json\/wp\/v2\/pages\/105"}],"wp:attachment":[{"href":"https:\/\/www.ulusiada.pt\/clima\/wp-json\/wp\/v2\/media?parent=544"}],"curies":[{"name":"wp","href":"https:\/\/api.w.org\/{rel}","templated":true}]}}