{"id":5454,"date":"2023-03-20T16:46:39","date_gmt":"2023-03-20T16:46:39","guid":{"rendered":"http:\/\/www.ulusiada.pt\/clima\/?page_id=5454"},"modified":"2023-03-20T16:47:59","modified_gmt":"2023-03-20T16:47:59","slug":"lisboa","status":"publish","type":"page","link":"https:\/\/www.ulusiada.pt\/clima\/ius-proprium-leis-gerais\/d-duarte\/lisboa\/","title":{"rendered":"Lisboa"},"content":{"rendered":"\n<p>Ordena\u00e7\u00e3o prevendo a forma de atribui\u00e7\u00e3o dos privil\u00e9gios dos caseiros das igrejas e mosteiros.<\/p>\n","protected":false},"excerpt":{"rendered":"<p>Ordena\u00e7\u00e3o prevendo a forma de atribui\u00e7\u00e3o dos privil\u00e9gios dos caseiros das igrejas e mosteiros.<\/p>\n","protected":false},"author":5,"featured_media":0,"parent":116,"menu_order":1,"comment_status":"closed","ping_status":"closed","template":"lei-page.php","meta":[],"acf":[],"_links":{"self":[{"href":"https:\/\/www.ulusiada.pt\/clima\/wp-json\/wp\/v2\/pages\/5454"}],"collection":[{"href":"https:\/\/www.ulusiada.pt\/clima\/wp-json\/wp\/v2\/pages"}],"about":[{"href":"https:\/\/www.ulusiada.pt\/clima\/wp-json\/wp\/v2\/types\/page"}],"author":[{"embeddable":true,"href":"https:\/\/www.ulusiada.pt\/clima\/wp-json\/wp\/v2\/users\/5"}],"replies":[{"embeddable":true,"href":"https:\/\/www.ulusiada.pt\/clima\/wp-json\/wp\/v2\/comments?post=5454"}],"version-history":[{"count":2,"href":"https:\/\/www.ulusiada.pt\/clima\/wp-json\/wp\/v2\/pages\/5454\/revisions"}],"predecessor-version":[{"id":5456,"href":"https:\/\/www.ulusiada.pt\/clima\/wp-json\/wp\/v2\/pages\/5454\/revisions\/5456"}],"up":[{"embeddable":true,"href":"https:\/\/www.ulusiada.pt\/clima\/wp-json\/wp\/v2\/pages\/116"}],"wp:attachment":[{"href":"https:\/\/www.ulusiada.pt\/clima\/wp-json\/wp\/v2\/media?parent=5454"}],"curies":[{"name":"wp","href":"https:\/\/api.w.org\/{rel}","templated":true}]}}