{"id":5472,"date":"2023-03-20T18:01:59","date_gmt":"2023-03-20T18:01:59","guid":{"rendered":"http:\/\/www.ulusiada.pt\/clima\/?page_id=5472"},"modified":"2023-03-20T18:02:51","modified_gmt":"2023-03-20T18:02:51","slug":"santarem-2","status":"publish","type":"page","link":"https:\/\/www.ulusiada.pt\/clima\/ius-proprium-leis-gerais\/d-duarte\/santarem-2\/","title":{"rendered":"Santar\u00e9m"},"content":{"rendered":"\n<p>D. Duarte manda registar e observar na Chancelaria as aclara\u00e7\u00f5es de D. Jo\u00e3o I \u00e0 lei mental, prestadas a prop\u00f3sito do pleito entre D. Fernando de Castro e D. Joana, sobrinha daquele, sobre a terra de Cadaval; e ainda a prop\u00f3sito da heran\u00e7a da condessa D. Guiomar por D. Pedro de Meneses; bem como a legislar sobre a sucess\u00e3o nos padroados r\u00e9gios de igrejas; e nos foros, rendimentos, direitos e prazos outorgados pelos monarcas.<\/p>\n\n\n","protected":false},"excerpt":{"rendered":"<p>D. Duarte manda registar e observar na Chancelaria as aclara\u00e7\u00f5es de D. Jo\u00e3o I \u00e0 lei mental, prestadas a prop\u00f3sito do pleito entre D. Fernando de Castro e D. Joana, sobrinha daquele, sobre a terra de Cadaval; e ainda a &hellip; <a href=\"https:\/\/www.ulusiada.pt\/clima\/ius-proprium-leis-gerais\/d-duarte\/santarem-2\/\">Continuar a ler <span class=\"meta-nav\">&rarr;<\/span><\/a><\/p>\n","protected":false},"author":5,"featured_media":0,"parent":116,"menu_order":6,"comment_status":"closed","ping_status":"closed","template":"lei-page.php","meta":[],"acf":[],"_links":{"self":[{"href":"https:\/\/www.ulusiada.pt\/clima\/wp-json\/wp\/v2\/pages\/5472"}],"collection":[{"href":"https:\/\/www.ulusiada.pt\/clima\/wp-json\/wp\/v2\/pages"}],"about":[{"href":"https:\/\/www.ulusiada.pt\/clima\/wp-json\/wp\/v2\/types\/page"}],"author":[{"embeddable":true,"href":"https:\/\/www.ulusiada.pt\/clima\/wp-json\/wp\/v2\/users\/5"}],"replies":[{"embeddable":true,"href":"https:\/\/www.ulusiada.pt\/clima\/wp-json\/wp\/v2\/comments?post=5472"}],"version-history":[{"count":2,"href":"https:\/\/www.ulusiada.pt\/clima\/wp-json\/wp\/v2\/pages\/5472\/revisions"}],"predecessor-version":[{"id":5474,"href":"https:\/\/www.ulusiada.pt\/clima\/wp-json\/wp\/v2\/pages\/5472\/revisions\/5474"}],"up":[{"embeddable":true,"href":"https:\/\/www.ulusiada.pt\/clima\/wp-json\/wp\/v2\/pages\/116"}],"wp:attachment":[{"href":"https:\/\/www.ulusiada.pt\/clima\/wp-json\/wp\/v2\/media?parent=5472"}],"curies":[{"name":"wp","href":"https:\/\/api.w.org\/{rel}","templated":true}]}}