{"id":5496,"date":"2023-03-21T09:48:25","date_gmt":"2023-03-21T09:48:25","guid":{"rendered":"http:\/\/www.ulusiada.pt\/clima\/?page_id=5496"},"modified":"2023-03-21T09:49:15","modified_gmt":"2023-03-21T09:49:15","slug":"almeirim","status":"publish","type":"page","link":"https:\/\/www.ulusiada.pt\/clima\/ius-proprium-leis-gerais\/d-duarte\/almeirim\/","title":{"rendered":"Almeirim"},"content":{"rendered":"\n<p>Carta de confirma\u00e7\u00e3o do capit\u00e3o-mor do mar.<\/p>\n","protected":false},"excerpt":{"rendered":"<p>Carta de confirma\u00e7\u00e3o do capit\u00e3o-mor do mar.<\/p>\n","protected":false},"author":5,"featured_media":0,"parent":116,"menu_order":14,"comment_status":"closed","ping_status":"closed","template":"lei-page.php","meta":[],"acf":[],"_links":{"self":[{"href":"https:\/\/www.ulusiada.pt\/clima\/wp-json\/wp\/v2\/pages\/5496"}],"collection":[{"href":"https:\/\/www.ulusiada.pt\/clima\/wp-json\/wp\/v2\/pages"}],"about":[{"href":"https:\/\/www.ulusiada.pt\/clima\/wp-json\/wp\/v2\/types\/page"}],"author":[{"embeddable":true,"href":"https:\/\/www.ulusiada.pt\/clima\/wp-json\/wp\/v2\/users\/5"}],"replies":[{"embeddable":true,"href":"https:\/\/www.ulusiada.pt\/clima\/wp-json\/wp\/v2\/comments?post=5496"}],"version-history":[{"count":2,"href":"https:\/\/www.ulusiada.pt\/clima\/wp-json\/wp\/v2\/pages\/5496\/revisions"}],"predecessor-version":[{"id":5498,"href":"https:\/\/www.ulusiada.pt\/clima\/wp-json\/wp\/v2\/pages\/5496\/revisions\/5498"}],"up":[{"embeddable":true,"href":"https:\/\/www.ulusiada.pt\/clima\/wp-json\/wp\/v2\/pages\/116"}],"wp:attachment":[{"href":"https:\/\/www.ulusiada.pt\/clima\/wp-json\/wp\/v2\/media?parent=5496"}],"curies":[{"name":"wp","href":"https:\/\/api.w.org\/{rel}","templated":true}]}}