{"id":5499,"date":"2023-03-21T09:51:02","date_gmt":"2023-03-21T09:51:02","guid":{"rendered":"http:\/\/www.ulusiada.pt\/clima\/?page_id=5499"},"modified":"2023-03-21T09:51:53","modified_gmt":"2023-03-21T09:51:53","slug":"obidos","status":"publish","type":"page","link":"https:\/\/www.ulusiada.pt\/clima\/ius-proprium-leis-gerais\/d-duarte\/obidos\/","title":{"rendered":"\u00d3bidos"},"content":{"rendered":"\n<p>D. Duarte faz merc\u00ea e quita aos crist\u00e3os [naturais] do Reino todas as penas a que sejam obrigados, at\u00e9 \u00e0 festa da Ascens\u00e3o de Nossa Senhora Santa Maria, por levarem ouro, prata, moedas e dinheiros para Castela e praticarem outras actividades defesas no<br \/>reino.<\/p>\n","protected":false},"excerpt":{"rendered":"<p>D. Duarte faz merc\u00ea e quita aos crist\u00e3os [naturais] do Reino todas as penas a que sejam obrigados, at\u00e9 \u00e0 festa da Ascens\u00e3o de Nossa Senhora Santa Maria, por levarem ouro, prata, moedas e dinheiros para Castela e praticarem outras &hellip; <a href=\"https:\/\/www.ulusiada.pt\/clima\/ius-proprium-leis-gerais\/d-duarte\/obidos\/\">Continuar a ler <span class=\"meta-nav\">&rarr;<\/span><\/a><\/p>\n","protected":false},"author":5,"featured_media":0,"parent":116,"menu_order":15,"comment_status":"closed","ping_status":"closed","template":"lei-page.php","meta":[],"acf":[],"_links":{"self":[{"href":"https:\/\/www.ulusiada.pt\/clima\/wp-json\/wp\/v2\/pages\/5499"}],"collection":[{"href":"https:\/\/www.ulusiada.pt\/clima\/wp-json\/wp\/v2\/pages"}],"about":[{"href":"https:\/\/www.ulusiada.pt\/clima\/wp-json\/wp\/v2\/types\/page"}],"author":[{"embeddable":true,"href":"https:\/\/www.ulusiada.pt\/clima\/wp-json\/wp\/v2\/users\/5"}],"replies":[{"embeddable":true,"href":"https:\/\/www.ulusiada.pt\/clima\/wp-json\/wp\/v2\/comments?post=5499"}],"version-history":[{"count":2,"href":"https:\/\/www.ulusiada.pt\/clima\/wp-json\/wp\/v2\/pages\/5499\/revisions"}],"predecessor-version":[{"id":5501,"href":"https:\/\/www.ulusiada.pt\/clima\/wp-json\/wp\/v2\/pages\/5499\/revisions\/5501"}],"up":[{"embeddable":true,"href":"https:\/\/www.ulusiada.pt\/clima\/wp-json\/wp\/v2\/pages\/116"}],"wp:attachment":[{"href":"https:\/\/www.ulusiada.pt\/clima\/wp-json\/wp\/v2\/media?parent=5499"}],"curies":[{"name":"wp","href":"https:\/\/api.w.org\/{rel}","templated":true}]}}