{"id":5502,"date":"2023-03-21T09:53:20","date_gmt":"2023-03-21T09:53:20","guid":{"rendered":"http:\/\/www.ulusiada.pt\/clima\/?page_id=5502"},"modified":"2023-03-21T09:54:18","modified_gmt":"2023-03-21T09:54:18","slug":"obidos-2","status":"publish","type":"page","link":"https:\/\/www.ulusiada.pt\/clima\/ius-proprium-leis-gerais\/d-duarte\/obidos-2\/","title":{"rendered":"\u00d3bidos"},"content":{"rendered":"\n<p>Ordena\u00e7\u00e3o sobre os moradores em Castela que t\u00eam bens em Portugal, que os vendam em determinado prazo ou, ent\u00e3o, venham morar para o reino de Portugal.<\/p>\n","protected":false},"excerpt":{"rendered":"<p>Ordena\u00e7\u00e3o sobre os moradores em Castela que t\u00eam bens em Portugal, que os vendam em determinado prazo ou, ent\u00e3o, venham morar para o reino de Portugal.<\/p>\n","protected":false},"author":5,"featured_media":0,"parent":116,"menu_order":16,"comment_status":"closed","ping_status":"closed","template":"lei-page.php","meta":[],"acf":[],"_links":{"self":[{"href":"https:\/\/www.ulusiada.pt\/clima\/wp-json\/wp\/v2\/pages\/5502"}],"collection":[{"href":"https:\/\/www.ulusiada.pt\/clima\/wp-json\/wp\/v2\/pages"}],"about":[{"href":"https:\/\/www.ulusiada.pt\/clima\/wp-json\/wp\/v2\/types\/page"}],"author":[{"embeddable":true,"href":"https:\/\/www.ulusiada.pt\/clima\/wp-json\/wp\/v2\/users\/5"}],"replies":[{"embeddable":true,"href":"https:\/\/www.ulusiada.pt\/clima\/wp-json\/wp\/v2\/comments?post=5502"}],"version-history":[{"count":2,"href":"https:\/\/www.ulusiada.pt\/clima\/wp-json\/wp\/v2\/pages\/5502\/revisions"}],"predecessor-version":[{"id":5504,"href":"https:\/\/www.ulusiada.pt\/clima\/wp-json\/wp\/v2\/pages\/5502\/revisions\/5504"}],"up":[{"embeddable":true,"href":"https:\/\/www.ulusiada.pt\/clima\/wp-json\/wp\/v2\/pages\/116"}],"wp:attachment":[{"href":"https:\/\/www.ulusiada.pt\/clima\/wp-json\/wp\/v2\/media?parent=5502"}],"curies":[{"name":"wp","href":"https:\/\/api.w.org\/{rel}","templated":true}]}}