{"id":5520,"date":"2023-03-21T10:13:05","date_gmt":"2023-03-21T10:13:05","guid":{"rendered":"http:\/\/www.ulusiada.pt\/clima\/?page_id=5520"},"modified":"2023-03-21T10:17:38","modified_gmt":"2023-03-21T10:17:38","slug":"santarem-7","status":"publish","type":"page","link":"https:\/\/www.ulusiada.pt\/clima\/ius-proprium-leis-gerais\/d-duarte\/santarem-7\/","title":{"rendered":"Santar\u00e9m"},"content":{"rendered":"\n<p>Ordena\u00e7\u00e3o para que o dinheiro dos \u00f3rf\u00e3os se empregue em propriedades e se n\u00e3o d\u00ea \u00e0 usura, que reconhece ser proibida pela lei de Deus.<\/p>\n","protected":false},"excerpt":{"rendered":"<p>Ordena\u00e7\u00e3o para que o dinheiro dos \u00f3rf\u00e3os se empregue em propriedades e se n\u00e3o d\u00ea \u00e0 usura, que reconhece ser proibida pela lei de Deus.<\/p>\n","protected":false},"author":5,"featured_media":0,"parent":116,"menu_order":22,"comment_status":"closed","ping_status":"closed","template":"lei-page.php","meta":[],"acf":[],"_links":{"self":[{"href":"https:\/\/www.ulusiada.pt\/clima\/wp-json\/wp\/v2\/pages\/5520"}],"collection":[{"href":"https:\/\/www.ulusiada.pt\/clima\/wp-json\/wp\/v2\/pages"}],"about":[{"href":"https:\/\/www.ulusiada.pt\/clima\/wp-json\/wp\/v2\/types\/page"}],"author":[{"embeddable":true,"href":"https:\/\/www.ulusiada.pt\/clima\/wp-json\/wp\/v2\/users\/5"}],"replies":[{"embeddable":true,"href":"https:\/\/www.ulusiada.pt\/clima\/wp-json\/wp\/v2\/comments?post=5520"}],"version-history":[{"count":3,"href":"https:\/\/www.ulusiada.pt\/clima\/wp-json\/wp\/v2\/pages\/5520\/revisions"}],"predecessor-version":[{"id":5523,"href":"https:\/\/www.ulusiada.pt\/clima\/wp-json\/wp\/v2\/pages\/5520\/revisions\/5523"}],"up":[{"embeddable":true,"href":"https:\/\/www.ulusiada.pt\/clima\/wp-json\/wp\/v2\/pages\/116"}],"wp:attachment":[{"href":"https:\/\/www.ulusiada.pt\/clima\/wp-json\/wp\/v2\/media?parent=5520"}],"curies":[{"name":"wp","href":"https:\/\/api.w.org\/{rel}","templated":true}]}}