{"id":5542,"date":"2023-03-21T11:31:54","date_gmt":"2023-03-21T11:31:54","guid":{"rendered":"http:\/\/www.ulusiada.pt\/clima\/?page_id=5542"},"modified":"2023-03-21T11:32:35","modified_gmt":"2023-03-21T11:32:35","slug":"estremoz-3","status":"publish","type":"page","link":"https:\/\/www.ulusiada.pt\/clima\/ius-proprium-leis-gerais\/d-duarte\/estremoz-3\/","title":{"rendered":"Estremoz"},"content":{"rendered":"\n<p>Ordena\u00e7\u00e3o que regulamenta o com\u00e9rcio com os reinos de Castela e Arag\u00e3o.<\/p>\n","protected":false},"excerpt":{"rendered":"<p>Ordena\u00e7\u00e3o que regulamenta o com\u00e9rcio com os reinos de Castela e Arag\u00e3o.<\/p>\n","protected":false},"author":5,"featured_media":0,"parent":116,"menu_order":29,"comment_status":"closed","ping_status":"closed","template":"lei-page.php","meta":[],"acf":[],"_links":{"self":[{"href":"https:\/\/www.ulusiada.pt\/clima\/wp-json\/wp\/v2\/pages\/5542"}],"collection":[{"href":"https:\/\/www.ulusiada.pt\/clima\/wp-json\/wp\/v2\/pages"}],"about":[{"href":"https:\/\/www.ulusiada.pt\/clima\/wp-json\/wp\/v2\/types\/page"}],"author":[{"embeddable":true,"href":"https:\/\/www.ulusiada.pt\/clima\/wp-json\/wp\/v2\/users\/5"}],"replies":[{"embeddable":true,"href":"https:\/\/www.ulusiada.pt\/clima\/wp-json\/wp\/v2\/comments?post=5542"}],"version-history":[{"count":2,"href":"https:\/\/www.ulusiada.pt\/clima\/wp-json\/wp\/v2\/pages\/5542\/revisions"}],"predecessor-version":[{"id":5544,"href":"https:\/\/www.ulusiada.pt\/clima\/wp-json\/wp\/v2\/pages\/5542\/revisions\/5544"}],"up":[{"embeddable":true,"href":"https:\/\/www.ulusiada.pt\/clima\/wp-json\/wp\/v2\/pages\/116"}],"wp:attachment":[{"href":"https:\/\/www.ulusiada.pt\/clima\/wp-json\/wp\/v2\/media?parent=5542"}],"curies":[{"name":"wp","href":"https:\/\/api.w.org\/{rel}","templated":true}]}}