{"id":5568,"date":"2023-03-21T18:29:34","date_gmt":"2023-03-21T18:29:34","guid":{"rendered":"http:\/\/www.ulusiada.pt\/clima\/?page_id=5568"},"modified":"2023-03-21T18:30:31","modified_gmt":"2023-03-21T18:30:31","slug":"sintra-7","status":"publish","type":"page","link":"https:\/\/www.ulusiada.pt\/clima\/ius-proprium-leis-gerais\/d-duarte\/sintra-7\/","title":{"rendered":"Sintra"},"content":{"rendered":"\n<p>Ordena\u00e7\u00e3o permitindo que os ouvidores do conde de Arraiolos possam mandar meter a tormento o ladr\u00e3o achado com o roubo.<\/p>\n","protected":false},"excerpt":{"rendered":"<p>Ordena\u00e7\u00e3o permitindo que os ouvidores do conde de Arraiolos possam mandar meter a tormento o ladr\u00e3o achado com o roubo.<\/p>\n","protected":false},"author":5,"featured_media":0,"parent":116,"menu_order":37,"comment_status":"closed","ping_status":"closed","template":"lei-page.php","meta":[],"acf":[],"_links":{"self":[{"href":"https:\/\/www.ulusiada.pt\/clima\/wp-json\/wp\/v2\/pages\/5568"}],"collection":[{"href":"https:\/\/www.ulusiada.pt\/clima\/wp-json\/wp\/v2\/pages"}],"about":[{"href":"https:\/\/www.ulusiada.pt\/clima\/wp-json\/wp\/v2\/types\/page"}],"author":[{"embeddable":true,"href":"https:\/\/www.ulusiada.pt\/clima\/wp-json\/wp\/v2\/users\/5"}],"replies":[{"embeddable":true,"href":"https:\/\/www.ulusiada.pt\/clima\/wp-json\/wp\/v2\/comments?post=5568"}],"version-history":[{"count":2,"href":"https:\/\/www.ulusiada.pt\/clima\/wp-json\/wp\/v2\/pages\/5568\/revisions"}],"predecessor-version":[{"id":5570,"href":"https:\/\/www.ulusiada.pt\/clima\/wp-json\/wp\/v2\/pages\/5568\/revisions\/5570"}],"up":[{"embeddable":true,"href":"https:\/\/www.ulusiada.pt\/clima\/wp-json\/wp\/v2\/pages\/116"}],"wp:attachment":[{"href":"https:\/\/www.ulusiada.pt\/clima\/wp-json\/wp\/v2\/media?parent=5568"}],"curies":[{"name":"wp","href":"https:\/\/api.w.org\/{rel}","templated":true}]}}