{"id":5584,"date":"2023-03-22T16:16:27","date_gmt":"2023-03-22T16:16:27","guid":{"rendered":"http:\/\/www.ulusiada.pt\/clima\/?page_id=5584"},"modified":"2023-03-22T16:18:05","modified_gmt":"2023-03-22T16:18:05","slug":"almeirim-2","status":"publish","type":"page","link":"https:\/\/www.ulusiada.pt\/clima\/ius-proprium-leis-gerais\/d-duarte\/almeirim-2\/","title":{"rendered":"Almeirim"},"content":{"rendered":"\n<p>Ordena\u00e7\u00e3o da saca do p\u00e3o e gados que se levam para fora do reino.<\/p>\n","protected":false},"excerpt":{"rendered":"<p>Ordena\u00e7\u00e3o da saca do p\u00e3o e gados que se levam para fora do reino.<\/p>\n","protected":false},"author":5,"featured_media":0,"parent":116,"menu_order":42,"comment_status":"closed","ping_status":"closed","template":"lei-page.php","meta":[],"acf":[],"_links":{"self":[{"href":"https:\/\/www.ulusiada.pt\/clima\/wp-json\/wp\/v2\/pages\/5584"}],"collection":[{"href":"https:\/\/www.ulusiada.pt\/clima\/wp-json\/wp\/v2\/pages"}],"about":[{"href":"https:\/\/www.ulusiada.pt\/clima\/wp-json\/wp\/v2\/types\/page"}],"author":[{"embeddable":true,"href":"https:\/\/www.ulusiada.pt\/clima\/wp-json\/wp\/v2\/users\/5"}],"replies":[{"embeddable":true,"href":"https:\/\/www.ulusiada.pt\/clima\/wp-json\/wp\/v2\/comments?post=5584"}],"version-history":[{"count":3,"href":"https:\/\/www.ulusiada.pt\/clima\/wp-json\/wp\/v2\/pages\/5584\/revisions"}],"predecessor-version":[{"id":5587,"href":"https:\/\/www.ulusiada.pt\/clima\/wp-json\/wp\/v2\/pages\/5584\/revisions\/5587"}],"up":[{"embeddable":true,"href":"https:\/\/www.ulusiada.pt\/clima\/wp-json\/wp\/v2\/pages\/116"}],"wp:attachment":[{"href":"https:\/\/www.ulusiada.pt\/clima\/wp-json\/wp\/v2\/media?parent=5584"}],"curies":[{"name":"wp","href":"https:\/\/api.w.org\/{rel}","templated":true}]}}